{"id":132,"date":"2024-12-05T15:15:07","date_gmt":"2024-12-05T15:15:07","guid":{"rendered":"https:\/\/akel.ctemplate.com\/?page_id=132"},"modified":"2025-01-07T22:57:19","modified_gmt":"2025-01-07T19:57:19","slug":"products","status":"publish","type":"page","link":"https:\/\/akel.ctemplate.com\/tr\/products\/","title":{"rendered":"\u00dcr\u00fcnler"},"content":{"rendered":"<div data-elementor-type=\"wp-page\" data-elementor-id=\"132\" class=\"elementor elementor-132\">\n\t\t\t\t<div class=\"elementor-element elementor-element-7e349c18 e-flex e-con-boxed e-con e-parent\" data-id=\"7e349c18\" data-element_type=\"container\" data-settings=\"{&quot;background_background&quot;:&quot;video&quot;,&quot;background_video_link&quot;:&quot;https:\\\/\\\/akel.ctemplate.com\\\/wp-content\\\/uploads\\\/2024\\\/12\\\/Akel-fabrika.mp4&quot;,&quot;background_play_on_mobile&quot;:&quot;yes&quot;}\">\n\t\t\t\t\t<div class=\"e-con-inner\">\n\t\t<div class=\"elementor-background-video-container\">\n\t\t\t\t\t\t\t<video class=\"elementor-background-video-hosted elementor-html5-video\" autoplay muted playsinline loop><\/video>\n\t\t\t\t\t<\/div><div class=\"elementor-element elementor-element-a18c67e e-con-full e-flex e-con e-child\" data-id=\"a18c67e\" data-element_type=\"container\">\n\t\t<div class=\"elementor-element elementor-element-b48de33 e-con-full e-flex e-con e-child\" data-id=\"b48de33\" data-element_type=\"container\">\n\t\t\t\t<div class=\"elementor-element elementor-element-8f63f90 elementor-icon-list--layout-inline elementor-align-center elementor-mobile-align-center elementor-list-item-link-full_width elementor-widget elementor-widget-icon-list\" data-id=\"8f63f90\" data-element_type=\"widget\" data-widget_type=\"icon-list.default\">\n\t\t\t\t<div class=\"elementor-widget-container\">\n\t\t\t\t\t<ul class=\"elementor-icon-list-items elementor-inline-items\">\n\t\t\t\t\t\t\t<li class=\"elementor-icon-list-item elementor-inline-item\">\n\t\t\t\t\t\t\t\t\t\t\t<a href=\"https:\/\/akel.ctemplate.com\/tr\/\">\n\n\t\t\t\t\t\t\t\t\t\t\t<span class=\"elementor-icon-list-text\">Ev Tekstili<\/span>\n\t\t\t\t\t\t\t\t\t\t\t<\/a>\n\t\t\t\t\t\t\t\t\t<\/li>\n\t\t\t\t\t\t\t\t<li class=\"elementor-icon-list-item elementor-inline-item\">\n\t\t\t\t\t\t\t\t\t\t\t<span class=\"elementor-icon-list-icon\">\n\t\t\t\t\t\t\t<i aria-hidden=\"true\" class=\"jki jki-slash-solid\"><\/i>\t\t\t\t\t\t<\/span>\n\t\t\t\t\t\t\t\t\t\t<span class=\"elementor-icon-list-text\">\u00dcr\u00fcnler<\/span>\n\t\t\t\t\t\t\t\t\t<\/li>\n\t\t\t\t\t\t<\/ul>\n\t\t\t\t<\/div>\n\t\t\t\t<\/div>\n\t\t\t\t<div class=\"elementor-element elementor-element-4ec178e elementor-invisible elementor-widget elementor-widget-heading\" data-id=\"4ec178e\" data-element_type=\"widget\" data-settings=\"{&quot;_animation&quot;:&quot;fadeIn&quot;}\" data-widget_type=\"heading.default\">\n\t\t\t\t<div class=\"elementor-widget-container\">\n\t\t\t<h1 class=\"elementor-heading-title elementor-size-default\">\u00dcr\u00fcnler<\/h1>\t\t<\/div>\n\t\t\t\t<\/div>\n\t\t\t\t<div class=\"elementor-element elementor-element-231ae9c elementor-widget-divider--view-line elementor-invisible elementor-widget elementor-widget-divider\" data-id=\"231ae9c\" data-element_type=\"widget\" data-settings=\"{&quot;_animation&quot;:&quot;fadeIn&quot;,&quot;_animation_delay&quot;:&quot;100&quot;}\" data-widget_type=\"divider.default\">\n\t\t\t\t<div class=\"elementor-widget-container\">\n\t\t\t\t\t<div class=\"elementor-divider\">\n\t\t\t<span class=\"elementor-divider-separator\">\n\t\t\t\t\t\t<\/span>\n\t\t<\/div>\n\t\t\t\t<\/div>\n\t\t\t\t<\/div>\n\t\t\t\t<\/div>\n\t\t\t\t<\/div>\n\t\t\t\t\t<\/div>\n\t\t\t\t<\/div>\n\t\t<div class=\"elementor-element elementor-element-178578e7 e-flex e-con-boxed e-con e-parent\" data-id=\"178578e7\" data-element_type=\"container\" data-settings=\"{&quot;background_background&quot;:&quot;classic&quot;}\">\n\t\t\t\t\t<div class=\"e-con-inner\">\n\t\t<div class=\"elementor-element elementor-element-4d50f79f e-con-full e-flex e-con e-child\" data-id=\"4d50f79f\" data-element_type=\"container\">\n\t\t<div class=\"elementor-element elementor-element-7a6c8c1a e-con-full e-flex e-con e-child\" data-id=\"7a6c8c1a\" data-element_type=\"container\">\n\t\t\t\t<div class=\"elementor-element elementor-element-663f1299 elementor-invisible elementor-widget elementor-widget-heading\" data-id=\"663f1299\" data-element_type=\"widget\" data-settings=\"{&quot;_animation&quot;:&quot;fadeInLeft&quot;}\" data-widget_type=\"heading.default\">\n\t\t\t\t<div class=\"elementor-widget-container\">\n\t\t\t<h3 class=\"elementor-heading-title elementor-size-default\">PRODUCTS<\/h3>\t\t<\/div>\n\t\t\t\t<\/div>\n\t\t\t\t<div class=\"elementor-element elementor-element-5cd593b8 elementor-invisible elementor-widget elementor-widget-text-editor\" data-id=\"5cd593b8\" data-element_type=\"widget\" data-settings=\"{&quot;_animation&quot;:&quot;fadeInLeft&quot;,&quot;_animation_delay&quot;:&quot;300&quot;}\" data-widget_type=\"text-editor.default\">\n\t\t\t\t<div class=\"elementor-widget-container\">\n\t\t\t\t\t\t\t<p>Tekstil sekt\u00f6r\u00fcn\u00fcn \u00f6nc\u00fc isimlerinden biri olan Akel Tekstil, k\u00fcresel \u00f6l\u00e7ekte farkl\u0131 sekt\u00f6rlere kuma\u015f \u00fcretimi ve tedariki sa\u011flamaktad\u0131r. Bask\u0131 ve boya i\u015flemleriyle y\u00fcksek kaliteli kuma\u015flar \u00fcreten firmam\u0131z, moda, ev tekstili ve \u00e7e\u015fitli end\u00fcstriyel alanlarda faaliyet g\u00f6steren yerel ve uluslararas\u0131 markalara hizmet vermektedir. \u00dcretim tesisimizde, 100% pamuk, polyester kar\u0131\u015f\u0131mlar\u0131, keten kar\u0131\u015f\u0131mlar\u0131 ve \u00e7e\u015fitli yenilik\u00e7i kuma\u015f se\u00e7enekleri sunarak geni\u015f bir m\u00fc\u015fteri kitlesine hitap etmekteyiz. S\u00fcrd\u00fcr\u00fclebilirli\u011fi temel ilke olarak benimseyerek, \u00fcretim s\u00fcre\u00e7lerimizi \u00e7evre dostu y\u00f6ntemlerle y\u00fcr\u00fctmekte ve kalite standartlar\u0131m\u0131z\u0131 bu do\u011frultuda \u015fekillendirmekteyiz.<\/p>\t\t\t\t\t\t<\/div>\n\t\t\t\t<\/div>\n\t\t\t\t<\/div>\n\t\t<div class=\"elementor-element elementor-element-44ae1b2c e-con-full e-flex e-con e-child\" data-id=\"44ae1b2c\" data-element_type=\"container\" data-settings=\"{&quot;background_background&quot;:&quot;classic&quot;}\">\n\t\t\t\t<div class=\"elementor-element elementor-element-4fef1808 jkit-equal-height-disable elementor-widget elementor-widget-jkit_icon_box\" data-id=\"4fef1808\" data-element_type=\"widget\" data-widget_type=\"jkit_icon_box.default\">\n\t\t\t\t<div class=\"elementor-widget-container\">\n\t\t\t<div  class=\"jeg-elementor-kit jkit-icon-box icon-position-top elementor-animation- jeg_module___69e4a139741e0\" ><a href=\"https:\/\/akel.ctemplate.com\/tr\/fashion\/\" class=\"icon-box-link\" aria-label=\"Daha fazla bilgi edin\"><div class=\"jkit-icon-box-wrapper hover-from-left\"><div class=\"icon-box icon-box-header elementor-animation-\"><div class=\"icon style-color\"><\/div><\/div><div class=\"icon-box icon-box-body\">\n                \n            <\/div>\n            \n            <\/div><\/a><\/div>\t\t<\/div>\n\t\t\t\t<\/div>\n\t\t\t\t<\/div>\n\t\t<div class=\"elementor-element elementor-element-4c7e29a0 e-con-full e-flex e-con e-child\" data-id=\"4c7e29a0\" data-element_type=\"container\" data-settings=\"{&quot;background_background&quot;:&quot;classic&quot;}\">\n\t\t\t\t<div class=\"elementor-element elementor-element-30563d48 jkit-equal-height-disable elementor-widget elementor-widget-jkit_icon_box\" data-id=\"30563d48\" data-element_type=\"widget\" data-widget_type=\"jkit_icon_box.default\">\n\t\t\t\t<div class=\"elementor-widget-container\">\n\t\t\t<div  class=\"jeg-elementor-kit jkit-icon-box icon-position-top elementor-animation- jeg_module__1_69e4a139747c2\" ><a href=\"https:\/\/akel.ctemplate.com\/tr\/scraf\/\" class=\"icon-box-link\" aria-label=\"Daha fazla bilgi edin\"><div class=\"jkit-icon-box-wrapper hover-from-left\"><div class=\"icon-box icon-box-header elementor-animation-\"><div class=\"icon style-color\"><\/div><\/div><div class=\"icon-box icon-box-body\">\n                \n            <\/div>\n            \n            <\/div><\/a><\/div>\t\t<\/div>\n\t\t\t\t<\/div>\n\t\t\t\t<\/div>\n\t\t<div class=\"elementor-element elementor-element-301e709f e-con-full e-flex e-con e-child\" data-id=\"301e709f\" data-element_type=\"container\" data-settings=\"{&quot;background_background&quot;:&quot;classic&quot;}\">\n\t\t\t\t<div class=\"elementor-element elementor-element-37a64372 jkit-equal-height-disable elementor-widget elementor-widget-jkit_icon_box\" data-id=\"37a64372\" data-element_type=\"widget\" data-widget_type=\"jkit_icon_box.default\">\n\t\t\t\t<div class=\"elementor-widget-container\">\n\t\t\t<div  class=\"jeg-elementor-kit jkit-icon-box icon-position-top elementor-animation- jeg_module__2_69e4a13974cb3\" ><a href=\"https:\/\/akel.ctemplate.com\/tr\/accessory\/\" class=\"icon-box-link\" aria-label=\"Daha fazla bilgi edin\"><div class=\"jkit-icon-box-wrapper hover-from-left\"><div class=\"icon-box icon-box-header elementor-animation-\"><div class=\"icon style-color\"><\/div><\/div><div class=\"icon-box icon-box-body\">\n                \n            <\/div>\n            \n            <\/div><\/a><\/div>\t\t<\/div>\n\t\t\t\t<\/div>\n\t\t\t\t<\/div>\n\t\t<div class=\"elementor-element elementor-element-393f15da e-con-full e-flex e-con e-child\" data-id=\"393f15da\" data-element_type=\"container\" data-settings=\"{&quot;background_background&quot;:&quot;classic&quot;}\">\n\t\t\t\t<div class=\"elementor-element elementor-element-6e12cc1b jkit-equal-height-disable elementor-widget elementor-widget-jkit_icon_box\" data-id=\"6e12cc1b\" data-element_type=\"widget\" data-widget_type=\"jkit_icon_box.default\">\n\t\t\t\t<div class=\"elementor-widget-container\">\n\t\t\t<div  class=\"jeg-elementor-kit jkit-icon-box icon-position-top elementor-animation- jeg_module__3_69e4a1397523b\" ><a href=\"https:\/\/akel.ctemplate.com\/tr\/home\/\" class=\"icon-box-link\" aria-label=\"Daha fazla bilgi edin\"><div class=\"jkit-icon-box-wrapper hover-from-left\"><div class=\"icon-box icon-box-header elementor-animation-\"><div class=\"icon style-color\"><\/div><\/div><div class=\"icon-box icon-box-body\">\n                \n            <\/div>\n            \n            <\/div><\/a><\/div>\t\t<\/div>\n\t\t\t\t<\/div>\n\t\t\t\t<\/div>\n\t\t<div class=\"elementor-element elementor-element-4f1ea665 e-con-full e-flex e-con e-child\" data-id=\"4f1ea665\" data-element_type=\"container\" data-settings=\"{&quot;background_background&quot;:&quot;classic&quot;}\">\n\t\t\t\t<div class=\"elementor-element elementor-element-6158475c jkit-equal-height-disable elementor-widget elementor-widget-jkit_icon_box\" data-id=\"6158475c\" data-element_type=\"widget\" data-widget_type=\"jkit_icon_box.default\">\n\t\t\t\t<div class=\"elementor-widget-container\">\n\t\t\t<div  class=\"jeg-elementor-kit jkit-icon-box icon-position-top elementor-animation- jeg_module__4_69e4a13975876\" ><a href=\"https:\/\/akel.ctemplate.com\/tr\/fabrics\/\" class=\"icon-box-link\" aria-label=\"Daha fazla bilgi edin\"><div class=\"jkit-icon-box-wrapper hover-from-left\"><div class=\"icon-box icon-box-header elementor-animation-\"><div class=\"icon style-color\"><\/div><\/div><div class=\"icon-box icon-box-body\">\n                \n            <\/div>\n            \n            <\/div><\/a><\/div>\t\t<\/div>\n\t\t\t\t<\/div>\n\t\t\t\t<\/div>\n\t\t\t\t<\/div>\n\t\t\t\t\t<\/div>\n\t\t\t\t<\/div>\n\t\t\t\t<\/div>","protected":false},"excerpt":{"rendered":"<p>Home Products Products PRODUCTS A leading name in the textile industry, Akel Textile is the manufacturer and supplier of fabric and textile to a variety of industries globally. We manufacture yarns, fabrics, apparel, and other home textiles and cater to a number of local and international brands. We design, develop and manufacture knitted, cotton, and [&hellip;]<\/p>","protected":false},"author":1,"featured_media":0,"parent":0,"menu_order":0,"comment_status":"closed","ping_status":"closed","template":"","meta":{"footnotes":""},"class_list":["post-132","page","type-page","status-publish","hentry"],"_links":{"self":[{"href":"https:\/\/akel.ctemplate.com\/tr\/wp-json\/wp\/v2\/pages\/132","targetHints":{"allow":["GET"]}}],"collection":[{"href":"https:\/\/akel.ctemplate.com\/tr\/wp-json\/wp\/v2\/pages"}],"about":[{"href":"https:\/\/akel.ctemplate.com\/tr\/wp-json\/wp\/v2\/types\/page"}],"author":[{"embeddable":true,"href":"https:\/\/akel.ctemplate.com\/tr\/wp-json\/wp\/v2\/users\/1"}],"replies":[{"embeddable":true,"href":"https:\/\/akel.ctemplate.com\/tr\/wp-json\/wp\/v2\/comments?post=132"}],"version-history":[{"count":32,"href":"https:\/\/akel.ctemplate.com\/tr\/wp-json\/wp\/v2\/pages\/132\/revisions"}],"predecessor-version":[{"id":998,"href":"https:\/\/akel.ctemplate.com\/tr\/wp-json\/wp\/v2\/pages\/132\/revisions\/998"}],"wp:attachment":[{"href":"https:\/\/akel.ctemplate.com\/tr\/wp-json\/wp\/v2\/media?parent=132"}],"curies":[{"name":"wp","href":"https:\/\/api.w.org\/{rel}","templated":true}]}}