{"id":161,"date":"2024-12-05T15:18:08","date_gmt":"2024-12-05T15:18:08","guid":{"rendered":"https:\/\/akel.ctemplate.com\/?page_id=161"},"modified":"2025-03-17T16:37:30","modified_gmt":"2025-03-17T13:37:30","slug":"quality","status":"publish","type":"page","link":"https:\/\/akel.ctemplate.com\/tr\/quality\/","title":{"rendered":"Quality"},"content":{"rendered":"<div data-elementor-type=\"wp-page\" data-elementor-id=\"161\" class=\"elementor elementor-161\">\n\t\t\t\t<div class=\"elementor-element elementor-element-174fe86f e-flex e-con-boxed e-con e-parent\" data-id=\"174fe86f\" data-element_type=\"container\" data-settings=\"{&quot;background_background&quot;:&quot;video&quot;,&quot;background_video_link&quot;:&quot;https:\\\/\\\/akel.ctemplate.com\\\/wp-content\\\/uploads\\\/2025\\\/03\\\/kalite-kopyasi.mp4&quot;,&quot;background_play_on_mobile&quot;:&quot;yes&quot;}\">\n\t\t\t\t\t<div class=\"e-con-inner\">\n\t\t<div class=\"elementor-background-video-container\">\n\t\t\t\t\t\t\t<video class=\"elementor-background-video-hosted elementor-html5-video\" autoplay muted playsinline loop><\/video>\n\t\t\t\t\t<\/div><div class=\"elementor-element elementor-element-1c07f7b1 e-con-full e-flex e-con e-child\" data-id=\"1c07f7b1\" data-element_type=\"container\">\n\t\t<div class=\"elementor-element elementor-element-052eedd e-con-full e-flex e-con e-child\" data-id=\"052eedd\" data-element_type=\"container\">\n\t\t\t\t<div class=\"elementor-element elementor-element-87f69ac elementor-icon-list--layout-inline elementor-align-center elementor-mobile-align-center elementor-list-item-link-full_width elementor-widget elementor-widget-icon-list\" data-id=\"87f69ac\" data-element_type=\"widget\" data-widget_type=\"icon-list.default\">\n\t\t\t\t<div class=\"elementor-widget-container\">\n\t\t\t\t\t<ul class=\"elementor-icon-list-items elementor-inline-items\">\n\t\t\t\t\t\t\t<li class=\"elementor-icon-list-item elementor-inline-item\">\n\t\t\t\t\t\t\t\t\t\t\t<a href=\"https:\/\/akel.ctemplate.com\/tr\/\">\n\n\t\t\t\t\t\t\t\t\t\t\t<span class=\"elementor-icon-list-text\"><\/span>\n\t\t\t\t\t\t\t\t\t\t\t<\/a>\n\t\t\t\t\t\t\t\t\t<\/li>\n\t\t\t\t\t\t<\/ul>\n\t\t\t\t<\/div>\n\t\t\t\t<\/div>\n\t\t\t\t<div class=\"elementor-element elementor-element-641c7dc elementor-invisible elementor-widget elementor-widget-heading\" data-id=\"641c7dc\" data-element_type=\"widget\" data-settings=\"{&quot;_animation&quot;:&quot;fadeIn&quot;}\" data-widget_type=\"heading.default\">\n\t\t\t\t<div class=\"elementor-widget-container\">\n\t\t\t<h1 class=\"elementor-heading-title elementor-size-default\">Kalite<\/h1>\t\t<\/div>\n\t\t\t\t<\/div>\n\t\t\t\t<div class=\"elementor-element elementor-element-b450b4a elementor-widget-divider--view-line elementor-invisible elementor-widget elementor-widget-divider\" data-id=\"b450b4a\" data-element_type=\"widget\" data-settings=\"{&quot;_animation&quot;:&quot;fadeIn&quot;,&quot;_animation_delay&quot;:&quot;100&quot;}\" data-widget_type=\"divider.default\">\n\t\t\t\t<div class=\"elementor-widget-container\">\n\t\t\t\t\t<div class=\"elementor-divider\">\n\t\t\t<span class=\"elementor-divider-separator\">\n\t\t\t\t\t\t<\/span>\n\t\t<\/div>\n\t\t\t\t<\/div>\n\t\t\t\t<\/div>\n\t\t\t\t<\/div>\n\t\t\t\t<\/div>\n\t\t\t\t\t<\/div>\n\t\t\t\t<\/div>\n\t\t<div class=\"elementor-element elementor-element-1bc20dfa e-flex e-con-boxed e-con e-parent\" data-id=\"1bc20dfa\" data-element_type=\"container\">\n\t\t\t\t\t<div class=\"e-con-inner\">\n\t\t<div class=\"elementor-element elementor-element-74697f45 e-con-full e-flex e-con e-child\" data-id=\"74697f45\" data-element_type=\"container\">\n\t\t\t\t<div class=\"elementor-element elementor-element-4d3e2078 elementor-widget elementor-widget-image\" data-id=\"4d3e2078\" data-element_type=\"widget\" data-widget_type=\"image.default\">\n\t\t\t\t<div class=\"elementor-widget-container\">\n\t\t\t\t\t\t\t\t\t\t\t\t\t\t<a href=\"https:\/\/akel.ctemplate.com\/wp-content\/uploads\/2024\/12\/AT1_6281-min-1-scaled.jpg\" data-elementor-open-lightbox=\"yes\" data-elementor-lightbox-title=\"AT1_6281-min\" data-e-action-hash=\"#elementor-action%3Aaction%3Dlightbox%26settings%3DeyJpZCI6NDgxLCJ1cmwiOiJodHRwczpcL1wvYWtlbC5jdGVtcGxhdGUuY29tXC93cC1jb250ZW50XC91cGxvYWRzXC8yMDI0XC8xMlwvQVQxXzYyODEtbWluLTEtc2NhbGVkLmpwZyJ9\">\n\t\t\t\t\t\t\t<img fetchpriority=\"high\" decoding=\"async\" width=\"1707\" height=\"2560\" src=\"https:\/\/akel.ctemplate.com\/wp-content\/uploads\/2024\/12\/AT1_6281-min-1-scaled.jpg\" class=\"attachment-full size-full wp-image-481\" alt=\"\" srcset=\"https:\/\/akel.ctemplate.com\/wp-content\/uploads\/2024\/12\/AT1_6281-min-1-scaled.jpg 1707w, https:\/\/akel.ctemplate.com\/wp-content\/uploads\/2024\/12\/AT1_6281-min-1-200x300.jpg 200w, https:\/\/akel.ctemplate.com\/wp-content\/uploads\/2024\/12\/AT1_6281-min-1-683x1024.jpg 683w, https:\/\/akel.ctemplate.com\/wp-content\/uploads\/2024\/12\/AT1_6281-min-1-768x1152.jpg 768w, https:\/\/akel.ctemplate.com\/wp-content\/uploads\/2024\/12\/AT1_6281-min-1-1024x1536.jpg 1024w, https:\/\/akel.ctemplate.com\/wp-content\/uploads\/2024\/12\/AT1_6281-min-1-1365x2048.jpg 1365w\" sizes=\"(max-width: 1707px) 100vw, 1707px\" \/>\t\t\t\t\t\t\t\t<\/a>\n\t\t\t\t\t\t\t\t\t\t\t\t\t<\/div>\n\t\t\t\t<\/div>\n\t\t\t\t<\/div>\n\t\t<div class=\"elementor-element elementor-element-50de06b7 e-con-full e-flex e-con e-child\" data-id=\"50de06b7\" data-element_type=\"container\">\n\t\t\t\t<div class=\"elementor-element elementor-element-2a4b0cb0 elementor-invisible elementor-widget elementor-widget-heading\" data-id=\"2a4b0cb0\" data-element_type=\"widget\" data-settings=\"{&quot;_animation&quot;:&quot;fadeInLeft&quot;}\" data-widget_type=\"heading.default\">\n\t\t\t\t<div class=\"elementor-widget-container\">\n\t\t\t<h3 class=\"elementor-heading-title elementor-size-default\">Kalite ve Kalite Y\u00f6netimi<\/h3>\t\t<\/div>\n\t\t\t\t<\/div>\n\t\t\t\t<div class=\"elementor-element elementor-element-71f47096 elementor-invisible elementor-widget elementor-widget-text-editor\" data-id=\"71f47096\" data-element_type=\"widget\" data-settings=\"{&quot;_animation&quot;:&quot;fadeInLeft&quot;,&quot;_animation_delay&quot;:&quot;100&quot;}\" data-widget_type=\"text-editor.default\">\n\t\t\t\t<div class=\"elementor-widget-container\">\n\t\t\t\t\t\t\t<p>Tekstil sekt\u00f6r\u00fcnde kalite en \u00f6nemli unsurdur.\u00a0<\/p><p>Bu nedenle, Akel&#039;de tekstilde kalite kontrol\u00fcn\u00fc s\u00fcrd\u00fcrmek en b\u00fcy\u00fck \u00f6nceliktir. Bizim i\u00e7in her zaman &quot;\u00d6nce kalite&quot;dir.<\/p><p>Akel\u2019de Kalitenin baz\u0131 temel unsurlar\u0131n\u0131 takip ediyoruz;<\/p>\t\t\t\t\t\t<\/div>\n\t\t\t\t<\/div>\n\t\t\t\t<div class=\"elementor-element elementor-element-34bf93e3 elementor-icon-list--layout-traditional elementor-list-item-link-full_width elementor-invisible elementor-widget elementor-widget-icon-list\" data-id=\"34bf93e3\" data-element_type=\"widget\" data-settings=\"{&quot;_animation&quot;:&quot;fadeInLeft&quot;,&quot;_animation_delay&quot;:&quot;200&quot;}\" data-widget_type=\"icon-list.default\">\n\t\t\t\t<div class=\"elementor-widget-container\">\n\t\t\t\t\t<ul class=\"elementor-icon-list-items\">\n\t\t\t\t\t\t\t<li class=\"elementor-icon-list-item\">\n\t\t\t\t\t\t\t\t\t\t\t<span class=\"elementor-icon-list-icon\">\n\t\t\t\t\t\t\t<svg aria-hidden=\"true\" class=\"e-font-icon-svg e-fas-check\" viewbox=\"0 0 512 512\" xmlns=\"http:\/\/www.w3.org\/2000\/svg\"><path d=\"M173.898 439.404l-166.4-166.4c-9.997-9.997-9.997-26.206 0-36.204l36.203-36.204c9.997-9.998 26.207-9.998 36.204 0L192 312.69 432.095 72.596c9.997-9.997 26.207-9.997 36.204 0l36.203 36.204c9.997 9.997 9.997 26.206 0 36.204l-294.4 294.401c-9.998 9.997-26.207 9.997-36.204-.001z\"><\/path><\/svg>\t\t\t\t\t\t<\/span>\n\t\t\t\t\t\t\t\t\t\t<span class=\"elementor-icon-list-text\">Performans: Bu, hammaddenin belirli bir \u00f6zelli\u011fi veya m\u00fc\u015fterinin beklentilerini kar\u015f\u0131lama d\u00fczeyini ifade eder.<\/span>\n\t\t\t\t\t\t\t\t\t<\/li>\n\t\t\t\t\t\t\t\t<li class=\"elementor-icon-list-item\">\n\t\t\t\t\t\t\t\t\t\t\t<span class=\"elementor-icon-list-icon\">\n\t\t\t\t\t\t\t<svg aria-hidden=\"true\" class=\"e-font-icon-svg e-fas-check\" viewbox=\"0 0 512 512\" xmlns=\"http:\/\/www.w3.org\/2000\/svg\"><path d=\"M173.898 439.404l-166.4-166.4c-9.997-9.997-9.997-26.206 0-36.204l36.203-36.204c9.997-9.998 26.207-9.998 36.204 0L192 312.69 432.095 72.596c9.997-9.997 26.207-9.997 36.204 0l36.203 36.204c9.997 9.997 9.997 26.206 0 36.204l-294.4 294.401c-9.998 9.997-26.207 9.997-36.204-.001z\"><\/path><\/svg>\t\t\t\t\t\t<\/span>\n\t\t\t\t\t\t\t\t\t\t<span class=\"elementor-icon-list-text\">G\u00fcvenilirlik: Bu, bir \u00fcr\u00fcn\u00fcn belirli \u00f6zellikleri veya fonksiyonlar\u0131 ile zaman i\u00e7inde g\u00f6sterdi\u011fi g\u00fcvenilirlik olarak tan\u0131mlan\u0131r.<\/span>\n\t\t\t\t\t\t\t\t\t<\/li>\n\t\t\t\t\t\t\t\t<li class=\"elementor-icon-list-item\">\n\t\t\t\t\t\t\t\t\t\t\t<span class=\"elementor-icon-list-icon\">\n\t\t\t\t\t\t\t<svg aria-hidden=\"true\" class=\"e-font-icon-svg e-fas-check\" viewbox=\"0 0 512 512\" xmlns=\"http:\/\/www.w3.org\/2000\/svg\"><path d=\"M173.898 439.404l-166.4-166.4c-9.997-9.997-9.997-26.206 0-36.204l36.203-36.204c9.997-9.998 26.207-9.998 36.204 0L192 312.69 432.095 72.596c9.997-9.997 26.207-9.997 36.204 0l36.203 36.204c9.997 9.997 9.997 26.206 0 36.204l-294.4 294.401c-9.998 9.997-26.207 9.997-36.204-.001z\"><\/path><\/svg>\t\t\t\t\t\t<\/span>\n\t\t\t\t\t\t\t\t\t\t<span class=\"elementor-icon-list-text\">Dayan\u0131kl\u0131l\u0131k: \u00dcr\u00fcnlerimizin dayan\u0131kl\u0131l\u0131\u011f\u0131n\u0131, m\u00fc\u015fterilerimiz i\u00e7in ne kadar s\u00fcre kullan\u0131labilir olaca\u011f\u0131 garantisi olarak tan\u0131mlar\u0131z.<\/span>\n\t\t\t\t\t\t\t\t\t<\/li>\n\t\t\t\t\t\t<\/ul>\n\t\t\t\t<\/div>\n\t\t\t\t<\/div>\n\t\t\t\t<\/div>\n\t\t<div class=\"elementor-element elementor-element-3ac14393 e-flex e-con-boxed e-con e-child\" data-id=\"3ac14393\" data-element_type=\"container\">\n\t\t\t\t\t<div class=\"e-con-inner\">\n\t\t<div class=\"elementor-element elementor-element-4179a45 e-flex e-con-boxed e-con e-child\" data-id=\"4179a45\" data-element_type=\"container\">\n\t\t\t\t\t<div class=\"e-con-inner\">\n\t\t\t\t<div class=\"elementor-element elementor-element-7c78f44f elementor-widget elementor-widget-image\" data-id=\"7c78f44f\" data-element_type=\"widget\" data-widget_type=\"image.default\">\n\t\t\t\t<div class=\"elementor-widget-container\">\n\t\t\t\t\t\t\t\t\t\t\t\t\t\t<a href=\"https:\/\/akel.ctemplate.com\/wp-content\/uploads\/2024\/12\/AT1_5770-min-scaled.jpg\" data-elementor-open-lightbox=\"yes\" data-elementor-lightbox-title=\"AT1_5770-min\" data-e-action-hash=\"#elementor-action%3Aaction%3Dlightbox%26settings%3DeyJpZCI6NDg1LCJ1cmwiOiJodHRwczpcL1wvYWtlbC5jdGVtcGxhdGUuY29tXC93cC1jb250ZW50XC91cGxvYWRzXC8yMDI0XC8xMlwvQVQxXzU3NzAtbWluLXNjYWxlZC5qcGcifQ%3D%3D\">\n\t\t\t\t\t\t\t<img decoding=\"async\" width=\"2560\" height=\"1707\" src=\"https:\/\/akel.ctemplate.com\/wp-content\/uploads\/2024\/12\/AT1_5770-min-scaled.jpg\" class=\"attachment-full size-full wp-image-485\" alt=\"\" srcset=\"https:\/\/akel.ctemplate.com\/wp-content\/uploads\/2024\/12\/AT1_5770-min-scaled.jpg 2560w, https:\/\/akel.ctemplate.com\/wp-content\/uploads\/2024\/12\/AT1_5770-min-300x200.jpg 300w, https:\/\/akel.ctemplate.com\/wp-content\/uploads\/2024\/12\/AT1_5770-min-1024x683.jpg 1024w, https:\/\/akel.ctemplate.com\/wp-content\/uploads\/2024\/12\/AT1_5770-min-768x512.jpg 768w, https:\/\/akel.ctemplate.com\/wp-content\/uploads\/2024\/12\/AT1_5770-min-1536x1024.jpg 1536w, https:\/\/akel.ctemplate.com\/wp-content\/uploads\/2024\/12\/AT1_5770-min-2048x1365.jpg 2048w\" sizes=\"(max-width: 2560px) 100vw, 2560px\" \/>\t\t\t\t\t\t\t\t<\/a>\n\t\t\t\t\t\t\t\t\t\t\t\t\t<\/div>\n\t\t\t\t<\/div>\n\t\t\t\t\t<\/div>\n\t\t\t\t<\/div>\n\t\t<div class=\"elementor-element elementor-element-2d48d5ec e-flex e-con-boxed e-con e-child\" data-id=\"2d48d5ec\" data-element_type=\"container\">\n\t\t\t\t\t<div class=\"e-con-inner\">\n\t\t\t\t<div class=\"elementor-element elementor-element-470d442c elementor-widget elementor-widget-image\" data-id=\"470d442c\" data-element_type=\"widget\" data-widget_type=\"image.default\">\n\t\t\t\t<div class=\"elementor-widget-container\">\n\t\t\t\t\t\t\t\t\t\t\t\t\t\t<a href=\"https:\/\/akel.ctemplate.com\/wp-content\/uploads\/2024\/12\/AT1_4463-min-scaled.jpg\" data-elementor-open-lightbox=\"yes\" data-elementor-lightbox-title=\"AT1_4463-min\" data-e-action-hash=\"#elementor-action%3Aaction%3Dlightbox%26settings%3DeyJpZCI6NDcxLCJ1cmwiOiJodHRwczpcL1wvYWtlbC5jdGVtcGxhdGUuY29tXC93cC1jb250ZW50XC91cGxvYWRzXC8yMDI0XC8xMlwvQVQxXzQ0NjMtbWluLXNjYWxlZC5qcGcifQ%3D%3D\">\n\t\t\t\t\t\t\t<img decoding=\"async\" width=\"2560\" height=\"1707\" src=\"https:\/\/akel.ctemplate.com\/wp-content\/uploads\/2024\/12\/AT1_4463-min-scaled.jpg\" class=\"attachment-full size-full wp-image-471\" alt=\"\" srcset=\"https:\/\/akel.ctemplate.com\/wp-content\/uploads\/2024\/12\/AT1_4463-min-scaled.jpg 2560w, https:\/\/akel.ctemplate.com\/wp-content\/uploads\/2024\/12\/AT1_4463-min-300x200.jpg 300w, https:\/\/akel.ctemplate.com\/wp-content\/uploads\/2024\/12\/AT1_4463-min-1024x683.jpg 1024w, https:\/\/akel.ctemplate.com\/wp-content\/uploads\/2024\/12\/AT1_4463-min-768x512.jpg 768w, https:\/\/akel.ctemplate.com\/wp-content\/uploads\/2024\/12\/AT1_4463-min-1536x1024.jpg 1536w, https:\/\/akel.ctemplate.com\/wp-content\/uploads\/2024\/12\/AT1_4463-min-2048x1365.jpg 2048w\" sizes=\"(max-width: 2560px) 100vw, 2560px\" \/>\t\t\t\t\t\t\t\t<\/a>\n\t\t\t\t\t\t\t\t\t\t\t\t\t<\/div>\n\t\t\t\t<\/div>\n\t\t\t\t\t<\/div>\n\t\t\t\t<\/div>\n\t\t<div class=\"elementor-element elementor-element-52784be7 e-flex e-con-boxed e-con e-child\" data-id=\"52784be7\" data-element_type=\"container\">\n\t\t\t\t\t<div class=\"e-con-inner\">\n\t\t\t\t<div class=\"elementor-element elementor-element-36efa1a5 elementor-widget elementor-widget-image\" data-id=\"36efa1a5\" data-element_type=\"widget\" data-widget_type=\"image.default\">\n\t\t\t\t<div class=\"elementor-widget-container\">\n\t\t\t\t\t\t\t\t\t\t\t\t\t\t<a href=\"https:\/\/akel.ctemplate.com\/wp-content\/uploads\/2024\/12\/AT1_4480-min-1-scaled-e1735121189455.jpg\" data-elementor-open-lightbox=\"yes\" data-elementor-lightbox-title=\"AT1_4480-min\" data-e-action-hash=\"#elementor-action%3Aaction%3Dlightbox%26settings%3DeyJpZCI6NDczLCJ1cmwiOiJodHRwczpcL1wvYWtlbC5jdGVtcGxhdGUuY29tXC93cC1jb250ZW50XC91cGxvYWRzXC8yMDI0XC8xMlwvQVQxXzQ0ODAtbWluLTEtc2NhbGVkLWUxNzM1MTIxMTg5NDU1LmpwZyJ9\">\n\t\t\t\t\t\t\t<img loading=\"lazy\" decoding=\"async\" width=\"1707\" height=\"1126\" src=\"https:\/\/akel.ctemplate.com\/wp-content\/uploads\/2024\/12\/AT1_4480-min-1-scaled-e1735121189455.jpg\" class=\"attachment-full size-full wp-image-473\" alt=\"\" srcset=\"https:\/\/akel.ctemplate.com\/wp-content\/uploads\/2024\/12\/AT1_4480-min-1-scaled-e1735121189455.jpg 1707w, https:\/\/akel.ctemplate.com\/wp-content\/uploads\/2024\/12\/AT1_4480-min-1-scaled-e1735121189455-300x198.jpg 300w, https:\/\/akel.ctemplate.com\/wp-content\/uploads\/2024\/12\/AT1_4480-min-1-scaled-e1735121189455-1024x675.jpg 1024w, https:\/\/akel.ctemplate.com\/wp-content\/uploads\/2024\/12\/AT1_4480-min-1-scaled-e1735121189455-768x507.jpg 768w, https:\/\/akel.ctemplate.com\/wp-content\/uploads\/2024\/12\/AT1_4480-min-1-scaled-e1735121189455-1536x1013.jpg 1536w\" sizes=\"(max-width: 1707px) 100vw, 1707px\" \/>\t\t\t\t\t\t\t\t<\/a>\n\t\t\t\t\t\t\t\t\t\t\t\t\t<\/div>\n\t\t\t\t<\/div>\n\t\t\t\t\t<\/div>\n\t\t\t\t<\/div>\n\t\t\t\t\t<\/div>\n\t\t\t\t<\/div>\n\t\t\t\t\t<\/div>\n\t\t\t\t<\/div>\n\t\t<div class=\"elementor-element elementor-element-479cdff e-flex e-con-boxed e-con e-parent\" data-id=\"479cdff\" data-element_type=\"container\" data-settings=\"{&quot;background_background&quot;:&quot;classic&quot;}\">\n\t\t\t\t\t<div class=\"e-con-inner\">\n\t\t<div class=\"elementor-element elementor-element-d3684ef e-con-full e-flex e-con e-child\" data-id=\"d3684ef\" data-element_type=\"container\">\n\t\t\t\t<div class=\"elementor-element elementor-element-3d8a120 elementor-widget elementor-widget-image\" data-id=\"3d8a120\" data-element_type=\"widget\" data-widget_type=\"image.default\">\n\t\t\t\t<div class=\"elementor-widget-container\">\n\t\t\t\t\t\t\t\t\t\t\t\t\t<img loading=\"lazy\" decoding=\"async\" width=\"683\" height=\"1024\" src=\"https:\/\/akel.ctemplate.com\/wp-content\/uploads\/2024\/12\/AT1_4473-min-1-683x1024.jpg\" class=\"attachment-large size-large wp-image-472\" alt=\"\" srcset=\"https:\/\/akel.ctemplate.com\/wp-content\/uploads\/2024\/12\/AT1_4473-min-1-683x1024.jpg 683w, https:\/\/akel.ctemplate.com\/wp-content\/uploads\/2024\/12\/AT1_4473-min-1-200x300.jpg 200w, https:\/\/akel.ctemplate.com\/wp-content\/uploads\/2024\/12\/AT1_4473-min-1-768x1152.jpg 768w, https:\/\/akel.ctemplate.com\/wp-content\/uploads\/2024\/12\/AT1_4473-min-1-1024x1536.jpg 1024w, https:\/\/akel.ctemplate.com\/wp-content\/uploads\/2024\/12\/AT1_4473-min-1-1365x2048.jpg 1365w, https:\/\/akel.ctemplate.com\/wp-content\/uploads\/2024\/12\/AT1_4473-min-1-scaled.jpg 1707w\" sizes=\"(max-width: 683px) 100vw, 683px\" \/>\t\t\t\t\t\t\t\t\t\t\t\t\t<\/div>\n\t\t\t\t<\/div>\n\t\t\t\t<\/div>\n\t\t<div class=\"elementor-element elementor-element-e9dd003 e-con-full e-flex e-con e-child\" data-id=\"e9dd003\" data-element_type=\"container\">\n\t\t\t\t<div class=\"elementor-element elementor-element-11142793 elementor-widget elementor-widget-text-editor\" data-id=\"11142793\" data-element_type=\"widget\" data-widget_type=\"text-editor.default\">\n\t\t\t\t<div class=\"elementor-widget-container\">\n\t\t\t\t\t\t\t<p>Kalite kontrol denetimlerini ger\u00e7ekle\u015ftiriyoruz:<\/p><ul><li>\u00dcretim \u00f6ncesinde, kuma\u015f\u0131n herhangi bir kusur veya bask\u0131 hatas\u0131 olmad\u0131\u011f\u0131ndan emin olmak i\u00e7in kalite kontrol testleri yap\u0131yoruz.<\/li><li>\u00dcretim s\u0131ras\u0131nda, diki\u015flerin d\u00fczg\u00fcn, uzunluklar\u0131n\u0131n e\u015fit ve hatas\u0131z oldu\u011fundan emin olmak i\u00e7in kalite kontrol testleri yap\u0131yoruz.<\/li><li>\u00dcretim sonras\u0131nda, bile\u015fenlerin d\u00fczg\u00fcn, sa\u011flam ve hatas\u0131z bir \u015fekilde dikildi\u011finden emin olmak i\u00e7in kalite kontrol testleri yap\u0131yoruz.\u00a0<\/li><\/ul><p>Kalite kontrol testleri at\u0131k miktar\u0131n\u0131 art\u0131rsa da, hatal\u0131 \u00fcr\u00fcnlerin at\u0131lmas\u0131na neden olsa da, kaliteyi g\u00fcvenilir bir \u015fekilde y\u00fcksek tutarak, at\u0131k miktar\u0131n\u0131 azaltmay\u0131 ba\u015fard\u0131k. Bu sayede uzun vadede tasarruf sa\u011flan\u0131rken, m\u00fc\u015fterilerimiz taraf\u0131ndan \u00fcr\u00fcnler s\u00fcrekli olarak yeniden sipari\u015f edilmektedir.<\/p><p>Kalite kontrol\u00fcm\u00fcz\u00fc kuma\u015f\u0131n kalitesinin yan\u0131 s\u0131ra a\u015fa\u011f\u0131daki gibi \u00e7e\u015fitli \u00fcretim bile\u015fenlerini de \u00f6l\u00e7eriz:<\/p><ul><li>Hammadde se\u00e7imi<\/li><li>Elyaf imalat\u0131<\/li><li>\u0130plik imalat\u0131<\/li><li>Kuma\u015f yap\u0131s\u0131<\/li><li>Boya ve renklendirme<\/li><li>Bask\u0131 ve tasar\u0131m<\/li><li>Di\u011fer d\u00fczenlemeler<\/li><\/ul><p>S\u0131k\u0131 kalite kontrol s\u00fcre\u00e7lerimizin yard\u0131m\u0131yla, s\u00fcrd\u00fcr\u00fclebilir kalitedeki giyim ve tekstil \u00fcr\u00fcnlerimizi pazarda di\u011ferlerinden farkl\u0131la\u015ft\u0131rman\u0131n bir yolunu bulmaya \u00e7al\u0131\u015f\u0131yoruz. Giderek karma\u015f\u0131kla\u015fan bir d\u00fczenleyici ortamda g\u00fcncel ve alakal\u0131 kal\u0131yoruz ve yine de kalitemizi en y\u00fcksek standartlarda tutuyoruz.<\/p><p>Tekstil sekt\u00f6r\u00fcne ili\u015fkin derinlemesine anlay\u0131\u015f\u0131m\u0131z sayesinde; hammaddelerimizin tedariki, in\u015fas\u0131 ve performans\u0131yla ili\u015fkili standartlar ve riskler konusunda olduk\u00e7a bilgiliyiz. Bu bilgi, eksiksiz bir hizmet paketi sunmam\u0131z\u0131 ve \u00fcr\u00fcnlerimizi \u00fcretmek, satmak ve da\u011f\u0131tmak i\u00e7in gereken d\u00fczenlemelere uymam\u0131za yard\u0131mc\u0131 oluyor.<\/p>\t\t\t\t\t\t<\/div>\n\t\t\t\t<\/div>\n\t\t\t\t<\/div>\n\t\t\t\t\t<\/div>\n\t\t\t\t<\/div>\n\t\t\t\t<\/div>","protected":false},"excerpt":{"rendered":"<p>Qual\u0131ty Qual\u0131ty and Qual\u0131ty Management In textile industry, quality is the most important component.\u00a0 Hence, maintaining quality control in textile is of supreme priority at Akel. To us, it\u2019s always \u201cQuality first\u201d. We follow some basic aspects of Quality at Akel. Performance: This refers to the exact attribute of the raw material or its desired [&hellip;]<\/p>","protected":false},"author":1,"featured_media":0,"parent":0,"menu_order":0,"comment_status":"closed","ping_status":"closed","template":"elementor_header_footer","meta":{"footnotes":""},"class_list":["post-161","page","type-page","status-publish","hentry"],"_links":{"self":[{"href":"https:\/\/akel.ctemplate.com\/tr\/wp-json\/wp\/v2\/pages\/161","targetHints":{"allow":["GET"]}}],"collection":[{"href":"https:\/\/akel.ctemplate.com\/tr\/wp-json\/wp\/v2\/pages"}],"about":[{"href":"https:\/\/akel.ctemplate.com\/tr\/wp-json\/wp\/v2\/types\/page"}],"author":[{"embeddable":true,"href":"https:\/\/akel.ctemplate.com\/tr\/wp-json\/wp\/v2\/users\/1"}],"replies":[{"embeddable":true,"href":"https:\/\/akel.ctemplate.com\/tr\/wp-json\/wp\/v2\/comments?post=161"}],"version-history":[{"count":47,"href":"https:\/\/akel.ctemplate.com\/tr\/wp-json\/wp\/v2\/pages\/161\/revisions"}],"predecessor-version":[{"id":1601,"href":"https:\/\/akel.ctemplate.com\/tr\/wp-json\/wp\/v2\/pages\/161\/revisions\/1601"}],"wp:attachment":[{"href":"https:\/\/akel.ctemplate.com\/tr\/wp-json\/wp\/v2\/media?parent=161"}],"curies":[{"name":"wp","href":"https:\/\/api.w.org\/{rel}","templated":true}]}}