{"id":1734,"date":"2025-03-19T16:53:41","date_gmt":"2025-03-19T13:53:41","guid":{"rendered":"https:\/\/akel.ctemplate.com\/?page_id=1734"},"modified":"2025-03-19T22:46:43","modified_gmt":"2025-03-19T19:46:43","slug":"contracts","status":"publish","type":"page","link":"https:\/\/akel.ctemplate.com\/tr\/contracts\/","title":{"rendered":"\u00dcretim \u00c7\u00f6z\u00fcmleri"},"content":{"rendered":"<div data-elementor-type=\"wp-page\" data-elementor-id=\"1734\" class=\"elementor elementor-1734\">\n\t\t\t\t<div class=\"elementor-element elementor-element-5fd2cabc e-flex e-con-boxed e-con e-parent\" data-id=\"5fd2cabc\" data-element_type=\"container\" data-settings=\"{&quot;background_background&quot;:&quot;video&quot;,&quot;background_play_on_mobile&quot;:&quot;yes&quot;,&quot;background_video_link&quot;:&quot;https:\\\/\\\/akel.ctemplate.com\\\/wp-content\\\/uploads\\\/2025\\\/03\\\/akel-fashion.mp4&quot;}\">\n\t\t\t\t\t<div class=\"e-con-inner\">\n\t\t<div class=\"elementor-background-video-container\">\n\t\t\t\t\t\t\t<video class=\"elementor-background-video-hosted elementor-html5-video\" autoplay muted playsinline loop><\/video>\n\t\t\t\t\t<\/div><div class=\"elementor-element elementor-element-661c0f5c e-con-full e-flex e-con e-child\" data-id=\"661c0f5c\" data-element_type=\"container\">\n\t\t\t\t<div class=\"elementor-element elementor-element-4f26f08e elementor-icon-list--layout-inline elementor-align-center elementor-mobile-align-center elementor-list-item-link-full_width elementor-widget elementor-widget-icon-list\" data-id=\"4f26f08e\" data-element_type=\"widget\" data-widget_type=\"icon-list.default\">\n\t\t\t\t<div class=\"elementor-widget-container\">\n\t\t\t\t\t<ul class=\"elementor-icon-list-items elementor-inline-items\">\n\t\t\t\t\t\t\t<li class=\"elementor-icon-list-item elementor-inline-item\">\n\t\t\t\t\t\t\t\t\t\t<span class=\"elementor-icon-list-text\"><\/span>\n\t\t\t\t\t\t\t\t\t<\/li>\n\t\t\t\t\t\t<\/ul>\n\t\t\t\t<\/div>\n\t\t\t\t<\/div>\n\t\t\t\t<div class=\"elementor-element elementor-element-171c8326 elementor-invisible elementor-widget elementor-widget-heading\" data-id=\"171c8326\" data-element_type=\"widget\" data-settings=\"{&quot;_animation&quot;:&quot;fadeIn&quot;}\" data-widget_type=\"heading.default\">\n\t\t\t\t<div class=\"elementor-widget-container\">\n\t\t\t<h1 class=\"elementor-heading-title elementor-size-default\">\u00dcretim \u00c7\u00f6z\u00fcmleri<\/h1>\t\t<\/div>\n\t\t\t\t<\/div>\n\t\t\t\t<div class=\"elementor-element elementor-element-350e0031 elementor-widget-divider--view-line elementor-invisible elementor-widget elementor-widget-divider\" data-id=\"350e0031\" data-element_type=\"widget\" data-settings=\"{&quot;_animation&quot;:&quot;fadeIn&quot;,&quot;_animation_delay&quot;:&quot;100&quot;}\" data-widget_type=\"divider.default\">\n\t\t\t\t<div class=\"elementor-widget-container\">\n\t\t\t\t\t<div class=\"elementor-divider\">\n\t\t\t<span class=\"elementor-divider-separator\">\n\t\t\t\t\t\t<\/span>\n\t\t<\/div>\n\t\t\t\t<\/div>\n\t\t\t\t<\/div>\n\t\t\t\t<\/div>\n\t\t\t\t\t<\/div>\n\t\t\t\t<\/div>\n\t\t<div class=\"elementor-element elementor-element-5cd4511 e-flex e-con-boxed e-con e-parent\" data-id=\"5cd4511\" data-element_type=\"container\">\n\t\t\t\t\t<div class=\"e-con-inner\">\n\t\t<div class=\"elementor-element elementor-element-9d472e8 e-con-full e-flex e-con e-child\" data-id=\"9d472e8\" data-element_type=\"container\">\n\t\t\t\t<div class=\"elementor-element elementor-element-79aed686 elementor-widget elementor-widget-image\" data-id=\"79aed686\" data-element_type=\"widget\" data-widget_type=\"image.default\">\n\t\t\t\t<div class=\"elementor-widget-container\">\n\t\t\t\t\t\t\t\t\t\t\t\t\t\t<a href=\"https:\/\/akel.ctemplate.com\/wp-content\/uploads\/2025\/03\/AKEL-beach-2-min-scaled.jpg\" data-elementor-open-lightbox=\"yes\" data-elementor-lightbox-title=\"AKEL beach-2-min\" data-e-action-hash=\"#elementor-action%3Aaction%3Dlightbox%26settings%3DeyJpZCI6MTczOCwidXJsIjoiaHR0cHM6XC9cL2FrZWwuY3RlbXBsYXRlLmNvbVwvd3AtY29udGVudFwvdXBsb2Fkc1wvMjAyNVwvMDNcL0FLRUwtYmVhY2gtMi1taW4tc2NhbGVkLmpwZyJ9\">\n\t\t\t\t\t\t\t<img fetchpriority=\"high\" decoding=\"async\" width=\"2560\" height=\"2038\" src=\"https:\/\/akel.ctemplate.com\/wp-content\/uploads\/2025\/03\/AKEL-beach-2-min-scaled.jpg\" class=\"attachment-full size-full wp-image-1738\" alt=\"\" srcset=\"https:\/\/akel.ctemplate.com\/wp-content\/uploads\/2025\/03\/AKEL-beach-2-min-scaled.jpg 2560w, https:\/\/akel.ctemplate.com\/wp-content\/uploads\/2025\/03\/AKEL-beach-2-min-300x239.jpg 300w, https:\/\/akel.ctemplate.com\/wp-content\/uploads\/2025\/03\/AKEL-beach-2-min-1024x815.jpg 1024w, https:\/\/akel.ctemplate.com\/wp-content\/uploads\/2025\/03\/AKEL-beach-2-min-768x611.jpg 768w, https:\/\/akel.ctemplate.com\/wp-content\/uploads\/2025\/03\/AKEL-beach-2-min-1536x1223.jpg 1536w, https:\/\/akel.ctemplate.com\/wp-content\/uploads\/2025\/03\/AKEL-beach-2-min-2048x1631.jpg 2048w, https:\/\/akel.ctemplate.com\/wp-content\/uploads\/2025\/03\/AKEL-beach-2-min-15x12.jpg 15w\" sizes=\"(max-width: 2560px) 100vw, 2560px\" \/>\t\t\t\t\t\t\t\t<\/a>\n\t\t\t\t\t\t\t\t\t\t\t\t\t<\/div>\n\t\t\t\t<\/div>\n\t\t\t\t<\/div>\n\t\t<div class=\"elementor-element elementor-element-2ff70dd e-con-full e-flex e-con e-child\" data-id=\"2ff70dd\" data-element_type=\"container\">\n\t\t<div class=\"elementor-element elementor-element-761f1f53 e-con-full e-flex elementor-invisible e-con e-child\" data-id=\"761f1f53\" data-element_type=\"container\" data-settings=\"{&quot;background_background&quot;:&quot;classic&quot;,&quot;animation&quot;:&quot;fadeInLeft&quot;}\">\n\t\t\t\t<div class=\"elementor-element elementor-element-c65d28c elementor-widget elementor-widget-image\" data-id=\"c65d28c\" data-element_type=\"widget\" data-widget_type=\"image.default\">\n\t\t\t\t<div class=\"elementor-widget-container\">\n\t\t\t\t\t\t\t\t\t\t\t\t\t<img decoding=\"async\" width=\"800\" height=\"420\" src=\"https:\/\/akel.ctemplate.com\/wp-content\/uploads\/2025\/03\/akel-home-min-scaled-kopya-min-1-1024x538.jpg\" class=\"attachment-large size-large wp-image-1737\" alt=\"\" srcset=\"https:\/\/akel.ctemplate.com\/wp-content\/uploads\/2025\/03\/akel-home-min-scaled-kopya-min-1-1024x538.jpg 1024w, https:\/\/akel.ctemplate.com\/wp-content\/uploads\/2025\/03\/akel-home-min-scaled-kopya-min-1-300x158.jpg 300w, https:\/\/akel.ctemplate.com\/wp-content\/uploads\/2025\/03\/akel-home-min-scaled-kopya-min-1-768x403.jpg 768w, https:\/\/akel.ctemplate.com\/wp-content\/uploads\/2025\/03\/akel-home-min-scaled-kopya-min-1-1536x806.jpg 1536w, https:\/\/akel.ctemplate.com\/wp-content\/uploads\/2025\/03\/akel-home-min-scaled-kopya-min-1-2048x1075.jpg 2048w, https:\/\/akel.ctemplate.com\/wp-content\/uploads\/2025\/03\/akel-home-min-scaled-kopya-min-1-18x9.jpg 18w\" sizes=\"(max-width: 800px) 100vw, 800px\" \/>\t\t\t\t\t\t\t\t\t\t\t\t\t<\/div>\n\t\t\t\t<\/div>\n\t\t\t\t<div class=\"elementor-element elementor-element-4d09a90 elementor-invisible elementor-widget elementor-widget-text-editor\" data-id=\"4d09a90\" data-element_type=\"widget\" data-settings=\"{&quot;_animation&quot;:&quot;fadeInLeft&quot;,&quot;_animation_delay&quot;:&quot;100&quot;}\" data-widget_type=\"text-editor.default\">\n\t\t\t\t<div class=\"elementor-widget-container\">\n\t\t\t\t\t\t\t<p>Akel Contracts, kuma\u015f tedarik ve \u00fcretim hizmetleri sundu\u011fumuz \u00f6zel bir birimdir. Tekstil sekt\u00f6r\u00fcnde k\u00f6kl\u00fc bir marka olarak, fabrikam\u0131z ve \u00fcretim tesislerimizle d\u00fcnya \u00e7ap\u0131ndaki firmalara geni\u015f bir kuma\u015f ve tekstil yelpazesi sunuyoruz. Son teknoloji \u00fcretim tesislerimizde, ihtiya\u00e7 ve beklentilerinize uygun \u00f6zel kuma\u015f koleksiyonlar\u0131 geli\u015ftirmenize yard\u0131mc\u0131 oluyoruz.<\/p>\t\t\t\t\t\t<\/div>\n\t\t\t\t<\/div>\n\t\t\t\t<\/div>\n\t\t\t\t<\/div>\n\t\t\t\t\t<\/div>\n\t\t\t\t<\/div>\n\t\t<div class=\"elementor-element elementor-element-9de1ffd e-flex e-con-boxed e-con e-parent\" data-id=\"9de1ffd\" data-element_type=\"container\">\n\t\t\t\t\t<div class=\"e-con-inner\">\n\t\t\t\t<div class=\"elementor-element elementor-element-5b897066 elementor-widget elementor-widget-image-carousel\" data-id=\"5b897066\" data-element_type=\"widget\" data-settings=\"{&quot;navigation&quot;:&quot;none&quot;,&quot;image_spacing_custom&quot;:{&quot;unit&quot;:&quot;px&quot;,&quot;size&quot;:45,&quot;sizes&quot;:[]},&quot;autoplay_speed&quot;:4000,&quot;autoplay&quot;:&quot;yes&quot;,&quot;pause_on_hover&quot;:&quot;yes&quot;,&quot;pause_on_interaction&quot;:&quot;yes&quot;,&quot;infinite&quot;:&quot;yes&quot;,&quot;speed&quot;:500,&quot;image_spacing_custom_tablet&quot;:{&quot;unit&quot;:&quot;px&quot;,&quot;size&quot;:&quot;&quot;,&quot;sizes&quot;:[]},&quot;image_spacing_custom_mobile&quot;:{&quot;unit&quot;:&quot;px&quot;,&quot;size&quot;:&quot;&quot;,&quot;sizes&quot;:[]}}\" data-widget_type=\"image-carousel.default\">\n\t\t\t\t<div class=\"elementor-widget-container\">\n\t\t\t\t\t<div class=\"elementor-image-carousel-wrapper swiper\" dir=\"ltr\">\n\t\t\t<div class=\"elementor-image-carousel swiper-wrapper\" aria-live=\"off\">\n\t\t\t\t\t\t\t\t<div class=\"swiper-slide\" role=\"group\" aria-roledescription=\"slide\" aria-label=\"1 of 16\"><figure class=\"swiper-slide-inner\"><img decoding=\"async\" class=\"swiper-slide-image\" src=\"https:\/\/akel.ctemplate.com\/wp-content\/uploads\/2025\/03\/8680848359045-3.jpg\" alt=\"8680848359045 (3)\" \/><\/figure><\/div><div class=\"swiper-slide\" role=\"group\" aria-roledescription=\"slide\" aria-label=\"2 of 16\"><figure class=\"swiper-slide-inner\"><img decoding=\"async\" class=\"swiper-slide-image\" src=\"https:\/\/akel.ctemplate.com\/wp-content\/uploads\/2025\/03\/8680848364513_6.jpg\" alt=\"8680848364513_6\" \/><\/figure><\/div><div class=\"swiper-slide\" role=\"group\" aria-roledescription=\"slide\" aria-label=\"3 of 16\"><figure class=\"swiper-slide-inner\"><img decoding=\"async\" class=\"swiper-slide-image\" src=\"https:\/\/akel.ctemplate.com\/wp-content\/uploads\/2025\/03\/8680848365008.jpg\" alt=\"8680848365008\" \/><\/figure><\/div><div class=\"swiper-slide\" role=\"group\" aria-roledescription=\"slide\" aria-label=\"4 of 16\"><figure class=\"swiper-slide-inner\"><img decoding=\"async\" class=\"swiper-slide-image\" src=\"https:\/\/akel.ctemplate.com\/wp-content\/uploads\/2025\/03\/8680848364414-3.jpg\" alt=\"8680848364414 (3)\" \/><\/figure><\/div><div class=\"swiper-slide\" role=\"group\" aria-roledescription=\"slide\" aria-label=\"5 of 16\"><figure class=\"swiper-slide-inner\"><img decoding=\"async\" class=\"swiper-slide-image\" src=\"https:\/\/akel.ctemplate.com\/wp-content\/uploads\/2025\/03\/8680848364483_2.jpg\" alt=\"8680848364483_2\" \/><\/figure><\/div><div class=\"swiper-slide\" role=\"group\" aria-roledescription=\"slide\" aria-label=\"6 of 16\"><figure class=\"swiper-slide-inner\"><img decoding=\"async\" class=\"swiper-slide-image\" src=\"https:\/\/akel.ctemplate.com\/wp-content\/uploads\/2025\/03\/8680848364636_1.jpg\" alt=\"8680848364636_1\" \/><\/figure><\/div><div class=\"swiper-slide\" role=\"group\" aria-roledescription=\"slide\" aria-label=\"7 of 16\"><figure class=\"swiper-slide-inner\"><img decoding=\"async\" class=\"swiper-slide-image\" src=\"https:\/\/akel.ctemplate.com\/wp-content\/uploads\/2025\/03\/8680848364766_2.jpg\" alt=\"8680848364766_2\" \/><\/figure><\/div><div class=\"swiper-slide\" role=\"group\" aria-roledescription=\"slide\" aria-label=\"8 of 16\"><figure class=\"swiper-slide-inner\"><img decoding=\"async\" class=\"swiper-slide-image\" src=\"https:\/\/akel.ctemplate.com\/wp-content\/uploads\/2025\/03\/8680848364841_1.jpg\" alt=\"8680848364841_1\" \/><\/figure><\/div><div class=\"swiper-slide\" role=\"group\" aria-roledescription=\"slide\" aria-label=\"9 of 16\"><figure class=\"swiper-slide-inner\"><img decoding=\"async\" class=\"swiper-slide-image\" src=\"https:\/\/akel.ctemplate.com\/wp-content\/uploads\/2025\/03\/8680848364940_1.jpg\" alt=\"8680848364940_1\" \/><\/figure><\/div><div class=\"swiper-slide\" role=\"group\" aria-roledescription=\"slide\" aria-label=\"10 of 16\"><figure class=\"swiper-slide-inner\"><img decoding=\"async\" class=\"swiper-slide-image\" src=\"https:\/\/akel.ctemplate.com\/wp-content\/uploads\/2025\/03\/8680848364971_2.jpg\" alt=\"8680848364971_2\" \/><\/figure><\/div><div class=\"swiper-slide\" role=\"group\" aria-roledescription=\"slide\" aria-label=\"11 of 16\"><figure class=\"swiper-slide-inner\"><img decoding=\"async\" class=\"swiper-slide-image\" src=\"https:\/\/akel.ctemplate.com\/wp-content\/uploads\/2025\/03\/8680848365008-1.jpg\" alt=\"8680848365008 (1)\" \/><\/figure><\/div><div class=\"swiper-slide\" role=\"group\" aria-roledescription=\"slide\" aria-label=\"12 of 16\"><figure class=\"swiper-slide-inner\"><img decoding=\"async\" class=\"swiper-slide-image\" src=\"https:\/\/akel.ctemplate.com\/wp-content\/uploads\/2025\/03\/8680848365534-4.jpg\" alt=\"8680848365534 (4)\" \/><\/figure><\/div><div class=\"swiper-slide\" role=\"group\" aria-roledescription=\"slide\" aria-label=\"13 of 16\"><figure class=\"swiper-slide-inner\"><img decoding=\"async\" class=\"swiper-slide-image\" src=\"https:\/\/akel.ctemplate.com\/wp-content\/uploads\/2025\/03\/8680848365671_4.jpg\" alt=\"8680848365671_4\" \/><\/figure><\/div><div class=\"swiper-slide\" role=\"group\" aria-roledescription=\"slide\" aria-label=\"14 of 16\"><figure class=\"swiper-slide-inner\"><img decoding=\"async\" class=\"swiper-slide-image\" src=\"https:\/\/akel.ctemplate.com\/wp-content\/uploads\/2025\/03\/8680848365695_1.jpg\" alt=\"8680848365695_1\" \/><\/figure><\/div><div class=\"swiper-slide\" role=\"group\" aria-roledescription=\"slide\" aria-label=\"15 of 16\"><figure class=\"swiper-slide-inner\"><img decoding=\"async\" class=\"swiper-slide-image\" src=\"https:\/\/akel.ctemplate.com\/wp-content\/uploads\/2025\/03\/8680848366937_4.jpg\" alt=\"8680848366937_4\" \/><\/figure><\/div><div class=\"swiper-slide\" role=\"group\" aria-roledescription=\"slide\" aria-label=\"16 of 16\"><figure class=\"swiper-slide-inner\"><img decoding=\"async\" class=\"swiper-slide-image\" src=\"https:\/\/akel.ctemplate.com\/wp-content\/uploads\/2025\/03\/8680848365732_3.jpg\" alt=\"8680848365732_3\" \/><\/figure><\/div>\t\t\t<\/div>\n\t\t\t\t\t\t\t\n\t\t\t\t\t\t\t\t\t<\/div>\n\t\t\t\t<\/div>\n\t\t\t\t<\/div>\n\t\t\t\t\t<\/div>\n\t\t\t\t<\/div>\n\t\t\t\t<\/div>","protected":false},"excerpt":{"rendered":"<p>Contracts Akel Contracts is our fabric sourcing division wherein we provide production and manufacturing outsourcing services to other businesses. As a renowned member of the textile industry, we are well recognized within the industry and offer our textile factory and premises for manufacturing a wide range of fabrics and textiles for other companies globally. We [&hellip;]<\/p>","protected":false},"author":1,"featured_media":0,"parent":0,"menu_order":0,"comment_status":"closed","ping_status":"closed","template":"","meta":{"footnotes":""},"class_list":["post-1734","page","type-page","status-publish","hentry"],"_links":{"self":[{"href":"https:\/\/akel.ctemplate.com\/tr\/wp-json\/wp\/v2\/pages\/1734","targetHints":{"allow":["GET"]}}],"collection":[{"href":"https:\/\/akel.ctemplate.com\/tr\/wp-json\/wp\/v2\/pages"}],"about":[{"href":"https:\/\/akel.ctemplate.com\/tr\/wp-json\/wp\/v2\/types\/page"}],"author":[{"embeddable":true,"href":"https:\/\/akel.ctemplate.com\/tr\/wp-json\/wp\/v2\/users\/1"}],"replies":[{"embeddable":true,"href":"https:\/\/akel.ctemplate.com\/tr\/wp-json\/wp\/v2\/comments?post=1734"}],"version-history":[{"count":19,"href":"https:\/\/akel.ctemplate.com\/tr\/wp-json\/wp\/v2\/pages\/1734\/revisions"}],"predecessor-version":[{"id":1782,"href":"https:\/\/akel.ctemplate.com\/tr\/wp-json\/wp\/v2\/pages\/1734\/revisions\/1782"}],"wp:attachment":[{"href":"https:\/\/akel.ctemplate.com\/tr\/wp-json\/wp\/v2\/media?parent=1734"}],"curies":[{"name":"wp","href":"https:\/\/api.w.org\/{rel}","templated":true}]}}