{"id":858,"date":"2025-01-07T21:22:31","date_gmt":"2025-01-07T18:22:31","guid":{"rendered":"https:\/\/akel.ctemplate.com\/?page_id=858"},"modified":"2025-03-19T22:57:44","modified_gmt":"2025-03-19T19:57:44","slug":"dyeing","status":"publish","type":"page","link":"https:\/\/akel.ctemplate.com\/tr\/dyeing\/","title":{"rendered":"Boya"},"content":{"rendered":"<div data-elementor-type=\"wp-page\" data-elementor-id=\"858\" class=\"elementor elementor-858\">\n\t\t\t\t<div class=\"elementor-element elementor-element-5fd2cabc e-flex e-con-boxed e-con e-parent\" data-id=\"5fd2cabc\" data-element_type=\"container\" data-settings=\"{&quot;background_background&quot;:&quot;video&quot;,&quot;background_play_on_mobile&quot;:&quot;yes&quot;,&quot;background_video_link&quot;:&quot;https:\\\/\\\/akel.ctemplate.com\\\/wp-content\\\/uploads\\\/2025\\\/03\\\/Akel-Boyahane2.mp4&quot;,&quot;background_video_start&quot;:5}\">\n\t\t\t\t\t<div class=\"e-con-inner\">\n\t\t<div class=\"elementor-background-video-container\">\n\t\t\t\t\t\t\t<video class=\"elementor-background-video-hosted elementor-html5-video\" autoplay muted playsinline loop><\/video>\n\t\t\t\t\t<\/div><div class=\"elementor-element elementor-element-661c0f5c e-con-full e-flex e-con e-child\" data-id=\"661c0f5c\" data-element_type=\"container\">\n\t\t\t\t<div class=\"elementor-element elementor-element-4f26f08e elementor-icon-list--layout-inline elementor-align-center elementor-mobile-align-center elementor-list-item-link-full_width elementor-widget elementor-widget-icon-list\" data-id=\"4f26f08e\" data-element_type=\"widget\" data-widget_type=\"icon-list.default\">\n\t\t\t\t<div class=\"elementor-widget-container\">\n\t\t\t\t\t<ul class=\"elementor-icon-list-items elementor-inline-items\">\n\t\t\t\t\t\t\t<li class=\"elementor-icon-list-item elementor-inline-item\">\n\t\t\t\t\t\t\t\t\t\t<span class=\"elementor-icon-list-text\"><\/span>\n\t\t\t\t\t\t\t\t\t<\/li>\n\t\t\t\t\t\t<\/ul>\n\t\t\t\t<\/div>\n\t\t\t\t<\/div>\n\t\t\t\t<div class=\"elementor-element elementor-element-171c8326 elementor-invisible elementor-widget elementor-widget-heading\" data-id=\"171c8326\" data-element_type=\"widget\" data-settings=\"{&quot;_animation&quot;:&quot;fadeIn&quot;}\" data-widget_type=\"heading.default\">\n\t\t\t\t<div class=\"elementor-widget-container\">\n\t\t\t<h1 class=\"elementor-heading-title elementor-size-default\">BOYA<\/h1>\t\t<\/div>\n\t\t\t\t<\/div>\n\t\t\t\t<div class=\"elementor-element elementor-element-350e0031 elementor-widget-divider--view-line elementor-invisible elementor-widget elementor-widget-divider\" data-id=\"350e0031\" data-element_type=\"widget\" data-settings=\"{&quot;_animation&quot;:&quot;fadeIn&quot;,&quot;_animation_delay&quot;:&quot;100&quot;}\" data-widget_type=\"divider.default\">\n\t\t\t\t<div class=\"elementor-widget-container\">\n\t\t\t\t\t<div class=\"elementor-divider\">\n\t\t\t<span class=\"elementor-divider-separator\">\n\t\t\t\t\t\t<\/span>\n\t\t<\/div>\n\t\t\t\t<\/div>\n\t\t\t\t<\/div>\n\t\t\t\t<\/div>\n\t\t\t\t\t<\/div>\n\t\t\t\t<\/div>\n\t\t<div class=\"elementor-element elementor-element-5cd4511 e-flex e-con-boxed e-con e-parent\" data-id=\"5cd4511\" data-element_type=\"container\">\n\t\t\t\t\t<div class=\"e-con-inner\">\n\t\t<div class=\"elementor-element elementor-element-9d472e8 e-con-full e-flex e-con e-child\" data-id=\"9d472e8\" data-element_type=\"container\">\n\t\t\t\t<div class=\"elementor-element elementor-element-79aed686 elementor-widget elementor-widget-image\" data-id=\"79aed686\" data-element_type=\"widget\" data-widget_type=\"image.default\">\n\t\t\t\t<div class=\"elementor-widget-container\">\n\t\t\t\t\t\t\t\t\t\t\t\t\t\t<a href=\"https:\/\/akel.ctemplate.com\/wp-content\/uploads\/2025\/03\/Ekran-Resmi-2025-03-19-22.54.01-min.png\" data-elementor-open-lightbox=\"yes\" data-elementor-lightbox-title=\"Ekran Resmi 2025-03-19 22.54.01-min\" data-e-action-hash=\"#elementor-action%3Aaction%3Dlightbox%26settings%3DeyJpZCI6MTc4NywidXJsIjoiaHR0cHM6XC9cL2FrZWwuY3RlbXBsYXRlLmNvbVwvd3AtY29udGVudFwvdXBsb2Fkc1wvMjAyNVwvMDNcL0VrcmFuLVJlc21pLTIwMjUtMDMtMTktMjIuNTQuMDEtbWluLnBuZyJ9\">\n\t\t\t\t\t\t\t<img fetchpriority=\"high\" decoding=\"async\" width=\"2772\" height=\"1562\" src=\"https:\/\/akel.ctemplate.com\/wp-content\/uploads\/2025\/03\/Ekran-Resmi-2025-03-19-22.54.01-min.png\" class=\"attachment-full size-full wp-image-1787\" alt=\"\" srcset=\"https:\/\/akel.ctemplate.com\/wp-content\/uploads\/2025\/03\/Ekran-Resmi-2025-03-19-22.54.01-min.png 2772w, https:\/\/akel.ctemplate.com\/wp-content\/uploads\/2025\/03\/Ekran-Resmi-2025-03-19-22.54.01-min-300x169.png 300w, https:\/\/akel.ctemplate.com\/wp-content\/uploads\/2025\/03\/Ekran-Resmi-2025-03-19-22.54.01-min-1024x577.png 1024w, https:\/\/akel.ctemplate.com\/wp-content\/uploads\/2025\/03\/Ekran-Resmi-2025-03-19-22.54.01-min-768x433.png 768w, https:\/\/akel.ctemplate.com\/wp-content\/uploads\/2025\/03\/Ekran-Resmi-2025-03-19-22.54.01-min-1536x866.png 1536w, https:\/\/akel.ctemplate.com\/wp-content\/uploads\/2025\/03\/Ekran-Resmi-2025-03-19-22.54.01-min-2048x1154.png 2048w, https:\/\/akel.ctemplate.com\/wp-content\/uploads\/2025\/03\/Ekran-Resmi-2025-03-19-22.54.01-min-18x10.png 18w\" sizes=\"(max-width: 2772px) 100vw, 2772px\" \/>\t\t\t\t\t\t\t\t<\/a>\n\t\t\t\t\t\t\t\t\t\t\t\t\t<\/div>\n\t\t\t\t<\/div>\n\t\t\t\t<\/div>\n\t\t<div class=\"elementor-element elementor-element-2ff70dd e-con-full e-flex e-con e-child\" data-id=\"2ff70dd\" data-element_type=\"container\">\n\t\t<div class=\"elementor-element elementor-element-761f1f53 e-con-full e-flex elementor-invisible e-con e-child\" data-id=\"761f1f53\" data-element_type=\"container\" data-settings=\"{&quot;background_background&quot;:&quot;classic&quot;,&quot;animation&quot;:&quot;fadeInLeft&quot;}\">\n\t\t\t\t<div class=\"elementor-element elementor-element-4d09a90 elementor-invisible elementor-widget elementor-widget-text-editor\" data-id=\"4d09a90\" data-element_type=\"widget\" data-settings=\"{&quot;_animation&quot;:&quot;fadeInLeft&quot;,&quot;_animation_delay&quot;:&quot;100&quot;}\" data-widget_type=\"text-editor.default\">\n\t\t\t\t<div class=\"elementor-widget-container\">\n\t\t\t\t\t\t\t<p>Akel olarak <strong>Boya<\/strong> Departman\u0131m\u0131z, m\u00fckemmel bir tutarl\u0131l\u0131k ve kaliteyle kusursuz d\u00fcz renkler sunma konusunda uzmanla\u015fm\u0131\u015ft\u0131r. Geli\u015fmi\u015f boyama teknolojileri ve y\u00fcksek kaliteli boyalar kullanarak, her kuma\u015f\u0131n canl\u0131, d\u00fczg\u00fcn ve uzun \u00f6m\u00fcrl\u00fc renkler elde etmesini sa\u011flar, b\u00f6ylece m\u00fc\u015fterilerimizin tam taleplerine uygun sonu\u00e7lar sunar\u0131z.<\/p><p>Uzman ekibimiz, renk form\u00fclasyonundan nihai denetim a\u015famas\u0131na kadar boyama s\u00fcrecinin her a\u015famas\u0131n\u0131 titizlikle kontrol eder, her parti i\u00e7in hassasiyet ve g\u00fcvenilirlik sa\u011flar. Akel Fabric\u2019te d\u00fcz boyama sadece renk meselesi de\u011fildir \u2013 \u00fcretti\u011fimiz her kuma\u015f i\u00e7in m\u00fckemmelli\u011fin temellerini atmak anlam\u0131na gelir.<\/p>\t\t\t\t\t\t<\/div>\n\t\t\t\t<\/div>\n\t\t\t\t<\/div>\n\t\t\t\t<\/div>\n\t\t\t\t\t<\/div>\n\t\t\t\t<\/div>\n\t\t<div class=\"elementor-element elementor-element-709fe9c7 e-flex e-con-boxed e-con e-parent\" data-id=\"709fe9c7\" data-element_type=\"container\" data-settings=\"{&quot;background_background&quot;:&quot;classic&quot;}\">\n\t\t\t\t\t<div class=\"e-con-inner\">\n\t\t<div class=\"elementor-element elementor-element-74acac8c e-con-full e-flex elementor-invisible e-con e-child\" data-id=\"74acac8c\" data-element_type=\"container\" data-settings=\"{&quot;background_background&quot;:&quot;classic&quot;,&quot;animation&quot;:&quot;fadeInLeft&quot;}\">\n\t\t\t\t<div class=\"elementor-element elementor-element-378f3be3 elementor-widget elementor-widget-text-editor\" data-id=\"378f3be3\" data-element_type=\"widget\" data-widget_type=\"text-editor.default\">\n\t\t\t\t<div class=\"elementor-widget-container\">\n\t\t\t\t\t\t\t<p>Akel\u2019de, \u00fcretim hatt\u0131m\u0131z her a\u015famada \u00fcst\u00fcn kalite sunacak \u015fekilde tasarlanm\u0131\u015ft\u0131r, geli\u015fmi\u015f teknoloji ile ustal\u0131kla i\u015f\u00e7ili\u011fi birle\u015ftiririz. Hammaddelerin haz\u0131rlanmas\u0131ndan nihai denetim a\u015famas\u0131na kadar her ad\u0131m, en y\u00fcksek end\u00fcstri standartlar\u0131n\u0131 kar\u015f\u0131lamak i\u00e7in titizlikle planlan\u0131r ve uygulan\u0131r.<\/p><p>Boyama s\u00fcrecimizde, her zaman e\u015fit, canl\u0131 ve uzun \u00f6m\u00fcrl\u00fc renkler elde edebilmek i\u00e7in en son teknolojiye sahip boyama tekniklerini kullan\u0131yoruz. Her parti, renk tutarl\u0131l\u0131\u011f\u0131 ve dayan\u0131kl\u0131l\u0131\u011f\u0131n\u0131 sa\u011flamak amac\u0131yla titizlikle kalite kontrol a\u015famalar\u0131ndan ge\u00e7irilir.<\/p>\t\t\t\t\t\t<\/div>\n\t\t\t\t<\/div>\n\t\t\t\t<\/div>\n\t\t\t\t<div class=\"elementor-element elementor-element-e3b18fa elementor-widget elementor-widget-image\" data-id=\"e3b18fa\" data-element_type=\"widget\" data-widget_type=\"image.default\">\n\t\t\t\t<div class=\"elementor-widget-container\">\n\t\t\t\t\t\t\t\t\t\t\t\t\t<img decoding=\"async\" width=\"800\" height=\"447\" src=\"https:\/\/akel.ctemplate.com\/wp-content\/uploads\/2025\/03\/Ekran-Resmi-2025-03-19-22.51.36-min-1024x572.png\" class=\"attachment-large size-large wp-image-1789\" alt=\"\" srcset=\"https:\/\/akel.ctemplate.com\/wp-content\/uploads\/2025\/03\/Ekran-Resmi-2025-03-19-22.51.36-min-1024x572.png 1024w, https:\/\/akel.ctemplate.com\/wp-content\/uploads\/2025\/03\/Ekran-Resmi-2025-03-19-22.51.36-min-300x168.png 300w, https:\/\/akel.ctemplate.com\/wp-content\/uploads\/2025\/03\/Ekran-Resmi-2025-03-19-22.51.36-min-768x429.png 768w, https:\/\/akel.ctemplate.com\/wp-content\/uploads\/2025\/03\/Ekran-Resmi-2025-03-19-22.51.36-min-1536x858.png 1536w, https:\/\/akel.ctemplate.com\/wp-content\/uploads\/2025\/03\/Ekran-Resmi-2025-03-19-22.51.36-min-2048x1144.png 2048w, https:\/\/akel.ctemplate.com\/wp-content\/uploads\/2025\/03\/Ekran-Resmi-2025-03-19-22.51.36-min-18x10.png 18w\" sizes=\"(max-width: 800px) 100vw, 800px\" \/>\t\t\t\t\t\t\t\t\t\t\t\t\t<\/div>\n\t\t\t\t<\/div>\n\t\t\t\t\t<\/div>\n\t\t\t\t<\/div>\n\t\t<div class=\"elementor-element elementor-element-9aa2f9b e-flex e-con-boxed e-con e-parent\" data-id=\"9aa2f9b\" data-element_type=\"container\">\n\t\t\t\t\t<div class=\"e-con-inner\">\n\t\t<div class=\"elementor-element elementor-element-218561f e-con-full e-flex e-con e-child\" data-id=\"218561f\" data-element_type=\"container\">\n\t\t\t\t<div class=\"elementor-element elementor-element-c813663 elementor-widget elementor-widget-image\" data-id=\"c813663\" data-element_type=\"widget\" data-widget_type=\"image.default\">\n\t\t\t\t<div class=\"elementor-widget-container\">\n\t\t\t\t\t\t\t\t\t\t\t\t\t<img decoding=\"async\" width=\"800\" height=\"534\" src=\"https:\/\/akel.ctemplate.com\/wp-content\/uploads\/2025\/01\/AT1_5442-min-1024x683.jpg\" class=\"attachment-large size-large wp-image-868\" alt=\"\" srcset=\"https:\/\/akel.ctemplate.com\/wp-content\/uploads\/2025\/01\/AT1_5442-min-1024x683.jpg 1024w, https:\/\/akel.ctemplate.com\/wp-content\/uploads\/2025\/01\/AT1_5442-min-300x200.jpg 300w, https:\/\/akel.ctemplate.com\/wp-content\/uploads\/2025\/01\/AT1_5442-min-768x512.jpg 768w, https:\/\/akel.ctemplate.com\/wp-content\/uploads\/2025\/01\/AT1_5442-min-1536x1024.jpg 1536w, https:\/\/akel.ctemplate.com\/wp-content\/uploads\/2025\/01\/AT1_5442-min-2048x1365.jpg 2048w\" sizes=\"(max-width: 800px) 100vw, 800px\" \/>\t\t\t\t\t\t\t\t\t\t\t\t\t<\/div>\n\t\t\t\t<\/div>\n\t\t\t\t<\/div>\n\t\t\t\t\t<\/div>\n\t\t\t\t<\/div>\n\t\t\t\t<\/div>","protected":false},"excerpt":{"rendered":"<p>Dye\u0131ng At Akel Fabric, our Dyeing department specializes in delivering flawless solid colors with exceptional consistency and quality. Using advanced dyeing technologies and high-quality dyes, we ensure each fabric achieves vibrant, uniform, and long-lasting colors that meet our clients&#8217; exact specifications. Our expert team meticulously controls every stage of the dyeing process, from color formulation [&hellip;]<\/p>","protected":false},"author":1,"featured_media":0,"parent":0,"menu_order":0,"comment_status":"closed","ping_status":"closed","template":"elementor_header_footer","meta":{"footnotes":""},"class_list":["post-858","page","type-page","status-publish","hentry"],"_links":{"self":[{"href":"https:\/\/akel.ctemplate.com\/tr\/wp-json\/wp\/v2\/pages\/858","targetHints":{"allow":["GET"]}}],"collection":[{"href":"https:\/\/akel.ctemplate.com\/tr\/wp-json\/wp\/v2\/pages"}],"about":[{"href":"https:\/\/akel.ctemplate.com\/tr\/wp-json\/wp\/v2\/types\/page"}],"author":[{"embeddable":true,"href":"https:\/\/akel.ctemplate.com\/tr\/wp-json\/wp\/v2\/users\/1"}],"replies":[{"embeddable":true,"href":"https:\/\/akel.ctemplate.com\/tr\/wp-json\/wp\/v2\/comments?post=858"}],"version-history":[{"count":37,"href":"https:\/\/akel.ctemplate.com\/tr\/wp-json\/wp\/v2\/pages\/858\/revisions"}],"predecessor-version":[{"id":1793,"href":"https:\/\/akel.ctemplate.com\/tr\/wp-json\/wp\/v2\/pages\/858\/revisions\/1793"}],"wp:attachment":[{"href":"https:\/\/akel.ctemplate.com\/tr\/wp-json\/wp\/v2\/media?parent=858"}],"curies":[{"name":"wp","href":"https:\/\/api.w.org\/{rel}","templated":true}]}}