{"id":880,"date":"2025-01-07T21:41:58","date_gmt":"2025-01-07T18:41:58","guid":{"rendered":"https:\/\/akel.ctemplate.com\/?page_id=880"},"modified":"2025-03-27T10:40:20","modified_gmt":"2025-03-27T07:40:20","slug":"printing","status":"publish","type":"page","link":"https:\/\/akel.ctemplate.com\/tr\/printing\/","title":{"rendered":"Bask\u0131"},"content":{"rendered":"<div data-elementor-type=\"wp-page\" data-elementor-id=\"880\" class=\"elementor elementor-880\">\n\t\t\t\t<div class=\"elementor-element elementor-element-5fd2cabc e-flex e-con-boxed e-con e-parent\" data-id=\"5fd2cabc\" data-element_type=\"container\" data-settings=\"{&quot;background_background&quot;:&quot;video&quot;,&quot;background_play_on_mobile&quot;:&quot;yes&quot;,&quot;background_video_link&quot;:&quot;https:\\\/\\\/akel.ctemplate.com\\\/wp-content\\\/uploads\\\/2025\\\/03\\\/akel-baski-1.mp4&quot;}\">\n\t\t\t\t\t<div class=\"e-con-inner\">\n\t\t<div class=\"elementor-background-video-container\">\n\t\t\t\t\t\t\t<video class=\"elementor-background-video-hosted elementor-html5-video\" autoplay muted playsinline loop><\/video>\n\t\t\t\t\t<\/div><div class=\"elementor-element elementor-element-661c0f5c e-con-full e-flex e-con e-child\" data-id=\"661c0f5c\" data-element_type=\"container\">\n\t\t\t\t<div class=\"elementor-element elementor-element-4f26f08e elementor-icon-list--layout-inline elementor-align-center elementor-mobile-align-center elementor-list-item-link-full_width elementor-widget elementor-widget-icon-list\" data-id=\"4f26f08e\" data-element_type=\"widget\" data-widget_type=\"icon-list.default\">\n\t\t\t\t<div class=\"elementor-widget-container\">\n\t\t\t\t\t<ul class=\"elementor-icon-list-items elementor-inline-items\">\n\t\t\t\t\t\t\t<li class=\"elementor-icon-list-item elementor-inline-item\">\n\t\t\t\t\t\t\t\t\t\t<span class=\"elementor-icon-list-text\"><\/span>\n\t\t\t\t\t\t\t\t\t<\/li>\n\t\t\t\t\t\t<\/ul>\n\t\t\t\t<\/div>\n\t\t\t\t<\/div>\n\t\t\t\t<div class=\"elementor-element elementor-element-171c8326 elementor-invisible elementor-widget elementor-widget-heading\" data-id=\"171c8326\" data-element_type=\"widget\" data-settings=\"{&quot;_animation&quot;:&quot;fadeIn&quot;}\" data-widget_type=\"heading.default\">\n\t\t\t\t<div class=\"elementor-widget-container\">\n\t\t\t<h1 class=\"elementor-heading-title elementor-size-default\">Dijital Bask\u0131<\/h1>\t\t<\/div>\n\t\t\t\t<\/div>\n\t\t\t\t<div class=\"elementor-element elementor-element-350e0031 elementor-widget-divider--view-line elementor-invisible elementor-widget elementor-widget-divider\" data-id=\"350e0031\" data-element_type=\"widget\" data-settings=\"{&quot;_animation&quot;:&quot;fadeIn&quot;,&quot;_animation_delay&quot;:&quot;100&quot;}\" data-widget_type=\"divider.default\">\n\t\t\t\t<div class=\"elementor-widget-container\">\n\t\t\t\t\t<div class=\"elementor-divider\">\n\t\t\t<span class=\"elementor-divider-separator\">\n\t\t\t\t\t\t<\/span>\n\t\t<\/div>\n\t\t\t\t<\/div>\n\t\t\t\t<\/div>\n\t\t\t\t<\/div>\n\t\t\t\t\t<\/div>\n\t\t\t\t<\/div>\n\t\t<div class=\"elementor-element elementor-element-5cd4511 e-flex e-con-boxed e-con e-parent\" data-id=\"5cd4511\" data-element_type=\"container\">\n\t\t\t\t\t<div class=\"e-con-inner\">\n\t\t<div class=\"elementor-element elementor-element-2ff70dd e-con-full e-flex e-con e-child\" data-id=\"2ff70dd\" data-element_type=\"container\">\n\t\t<div class=\"elementor-element elementor-element-761f1f53 e-con-full e-flex elementor-invisible e-con e-child\" data-id=\"761f1f53\" data-element_type=\"container\" data-settings=\"{&quot;background_background&quot;:&quot;classic&quot;,&quot;animation&quot;:&quot;fadeInLeft&quot;}\">\n\t\t\t\t<div class=\"elementor-element elementor-element-4be084f elementor-widget elementor-widget-heading\" data-id=\"4be084f\" data-element_type=\"widget\" data-widget_type=\"heading.default\">\n\t\t\t\t<div class=\"elementor-widget-container\">\n\t\t\t<h2 class=\"elementor-heading-title elementor-size-default\">Dispers Direkt Dijital Bask\u0131<\/h2>\t\t<\/div>\n\t\t\t\t<\/div>\n\t\t\t\t<div class=\"elementor-element elementor-element-4d09a90 elementor-invisible elementor-widget elementor-widget-text-editor\" data-id=\"4d09a90\" data-element_type=\"widget\" data-settings=\"{&quot;_animation&quot;:&quot;fadeInLeft&quot;,&quot;_animation_delay&quot;:&quot;100&quot;}\" data-widget_type=\"text-editor.default\">\n\t\t\t\t<div class=\"elementor-widget-container\">\n\t\t\t\t\t\t\t<p>\u00a0<\/p><p>Dijital bask\u0131 her zaman Akel\u2019in uzmanl\u0131k alan\u0131 olmu\u015ftur. Akel, her t\u00fcr kuma\u015f \u00fczerine \u00e7e\u015fitli dijital bask\u0131 se\u00e7eneklerini bir araya getiren d\u00fcnyadaki say\u0131l\u0131 \u015firketlerden biridir.<\/p><p>Direkt dispers bask\u0131da, m\u00fcrekkep do\u011frudan kuma\u015f \u00fczerine bas\u0131l\u0131r. Bask\u0131 i\u015fleminin ard\u0131ndan kuma\u015f, suyun buharla\u015ft\u0131r\u0131lmas\u0131 ve boyan\u0131n kuma\u015f \u00fczerinde sabitlenmesi i\u00e7in kurutucudan ge\u00e7irilir.<\/p><p><strong><em>Avantajlar<\/em><\/strong><strong>\u00a0<\/strong><\/p><p>\u00a0Dispers Direkt Dijital Bask\u0131 y\u00f6nteminde, polyester ve polyester kar\u0131\u015f\u0131ml\u0131 kuma\u015flar do\u011frudan bask\u0131ya al\u0131n\u0131r.<\/p><ul><li>Bask\u0131 s\u0131ras\u0131nda kuma\u015flar\u0131n dokusu bozulmaz ve y\u00fczey kalitesini kaybetmez.\u00a0<\/li><li>M\u00fcrekkep liflerin i\u00e7ine n\u00fcfuz eder ve iplik d\u00f6nmesi sorununu ortadan kald\u0131r\u0131r.\u00a0<\/li><li>Daha y\u00fcksek kalitede polyester dijital bask\u0131 sa\u011flar.<\/li><li>End\u00fcstri standartlar\u0131na uygun olarak daha y\u00fcksek renk hasl\u0131\u011f\u0131 sa\u011flar.<\/li><\/ul>\t\t\t\t\t\t<\/div>\n\t\t\t\t<\/div>\n\t\t\t\t<\/div>\n\t\t\t\t<div class=\"elementor-element elementor-element-0cb9d84 elementor-widget elementor-widget-image\" data-id=\"0cb9d84\" data-element_type=\"widget\" data-widget_type=\"image.default\">\n\t\t\t\t<div class=\"elementor-widget-container\">\n\t\t\t\t\t\t\t\t\t\t\t\t\t<img fetchpriority=\"high\" decoding=\"async\" width=\"800\" height=\"534\" src=\"https:\/\/akel.ctemplate.com\/wp-content\/uploads\/2025\/01\/AT1_5558-min-1024x683.jpg\" class=\"attachment-large size-large wp-image-901\" alt=\"\" srcset=\"https:\/\/akel.ctemplate.com\/wp-content\/uploads\/2025\/01\/AT1_5558-min-1024x683.jpg 1024w, https:\/\/akel.ctemplate.com\/wp-content\/uploads\/2025\/01\/AT1_5558-min-300x200.jpg 300w, https:\/\/akel.ctemplate.com\/wp-content\/uploads\/2025\/01\/AT1_5558-min-768x512.jpg 768w, https:\/\/akel.ctemplate.com\/wp-content\/uploads\/2025\/01\/AT1_5558-min-1536x1024.jpg 1536w, https:\/\/akel.ctemplate.com\/wp-content\/uploads\/2025\/01\/AT1_5558-min-2048x1365.jpg 2048w\" sizes=\"(max-width: 800px) 100vw, 800px\" \/>\t\t\t\t\t\t\t\t\t\t\t\t\t<\/div>\n\t\t\t\t<\/div>\n\t\t\t\t<\/div>\n\t\t\t\t\t<\/div>\n\t\t\t\t<\/div>\n\t\t<div class=\"elementor-element elementor-element-709fe9c7 e-flex e-con-boxed e-con e-parent\" data-id=\"709fe9c7\" data-element_type=\"container\" data-settings=\"{&quot;background_background&quot;:&quot;classic&quot;}\">\n\t\t\t\t\t<div class=\"e-con-inner\">\n\t\t<div class=\"elementor-element elementor-element-74acac8c e-con-full e-flex elementor-invisible e-con e-child\" data-id=\"74acac8c\" data-element_type=\"container\" data-settings=\"{&quot;background_background&quot;:&quot;classic&quot;,&quot;animation&quot;:&quot;fadeInLeft&quot;}\">\n\t\t\t\t<div class=\"elementor-element elementor-element-76f9c1dc elementor-widget elementor-widget-heading\" data-id=\"76f9c1dc\" data-element_type=\"widget\" data-widget_type=\"heading.default\">\n\t\t\t\t<div class=\"elementor-widget-container\">\n\t\t\t<h2 class=\"elementor-heading-title elementor-size-default\">S\u00fcblimasyon Ka\u011f\u0131t Bask\u0131<\/h2>\t\t<\/div>\n\t\t\t\t<\/div>\n\t\t\t\t<div class=\"elementor-element elementor-element-378f3be3 elementor-widget elementor-widget-text-editor\" data-id=\"378f3be3\" data-element_type=\"widget\" data-widget_type=\"text-editor.default\">\n\t\t\t\t<div class=\"elementor-widget-container\">\n\t\t\t\t\t\t\t<p>S\u00fcblimasyon ka\u011f\u0131t bask\u0131, s\u00fcblimasyon bask\u0131 y\u00f6ntemleri aras\u0131nda en \u00e7ok tercih edilenidir. Bu y\u00f6ntemde, tasar\u0131m \u00f6nce ka\u011f\u0131da bas\u0131l\u0131r, ard\u0131ndan kuma\u015f \u00fczerine yerle\u015ftirilerek bir kalender makinesinden ge\u00e7irilir. Kalenderde, ka\u011f\u0131t ve kuma\u015f iki b\u00fcy\u00fck silindir aras\u0131nda \u0131s\u0131t\u0131l\u0131r ve preslenir. Y\u00fcksek bas\u0131n\u00e7 ve s\u0131cakl\u0131k etkisiyle m\u00fcrekkep an\u0131nda kat\u0131 halden gaz haline ge\u00e7er ve kuma\u015f taraf\u0131ndan emilir. Kuma\u015f makineden \u00e7\u0131kar \u00e7\u0131kmaz, gaz liflerin i\u00e7ine hapsolur ve bask\u0131 kal\u0131c\u0131 hale gelir.<\/p><p><strong><em>Avantajlar<\/em><\/strong><\/p><ul><li>S\u00fcblimasyon bask\u0131 i\u00e7in buhar makinesi veya \u00e7ama\u015f\u0131r makinesi gerekmez.\u00a0<\/li><li>Bu teknik, di\u011fer bask\u0131 y\u00f6ntemlerine g\u00f6re \u00e7evreye daha az zarar verir, daha kolayd\u0131r ve maliyet a\u00e7\u0131s\u0131ndan daha etkilidir.<\/li><li>Dijital bask\u0131 makinesinde yap\u0131labilir, bu da b\u00fcy\u00fck miktarlarda bask\u0131n\u0131n daha h\u0131zl\u0131 bir \u015fekilde \u00fcretilebilece\u011fi anlam\u0131na gelir.\u00a0<\/li><li>Bask\u0131 makinenizin termoplastik bir katmana sahip olmas\u0131na gerek yoktur, \u00e7\u00fcnk\u00fc sadece ka\u011f\u0131d\u0131n ta\u015f\u0131nmas\u0131 gerekmektedir. Herhangi bir temel yaz\u0131c\u0131, bu t\u00fcr bask\u0131y\u0131 yapabilecek kapasitededir, bu da daha d\u00fc\u015f\u00fck sermaye yat\u0131r\u0131m\u0131 anlam\u0131na gelir.<\/li><\/ul>\t\t\t\t\t\t<\/div>\n\t\t\t\t<\/div>\n\t\t\t\t<div class=\"elementor-element elementor-element-e014f73 elementor-widget elementor-widget-image\" data-id=\"e014f73\" data-element_type=\"widget\" data-widget_type=\"image.default\">\n\t\t\t\t<div class=\"elementor-widget-container\">\n\t\t\t\t\t\t\t\t\t\t\t\t\t<img decoding=\"async\" width=\"800\" height=\"534\" src=\"https:\/\/akel.ctemplate.com\/wp-content\/uploads\/2025\/01\/AT1_5323-min-1024x683.jpg\" class=\"attachment-large size-large wp-image-895\" alt=\"\" srcset=\"https:\/\/akel.ctemplate.com\/wp-content\/uploads\/2025\/01\/AT1_5323-min-1024x683.jpg 1024w, https:\/\/akel.ctemplate.com\/wp-content\/uploads\/2025\/01\/AT1_5323-min-300x200.jpg 300w, https:\/\/akel.ctemplate.com\/wp-content\/uploads\/2025\/01\/AT1_5323-min-768x512.jpg 768w, https:\/\/akel.ctemplate.com\/wp-content\/uploads\/2025\/01\/AT1_5323-min-1536x1024.jpg 1536w, https:\/\/akel.ctemplate.com\/wp-content\/uploads\/2025\/01\/AT1_5323-min-2048x1365.jpg 2048w\" sizes=\"(max-width: 800px) 100vw, 800px\" \/>\t\t\t\t\t\t\t\t\t\t\t\t\t<\/div>\n\t\t\t\t<\/div>\n\t\t\t\t<\/div>\n\t\t\t\t\t<\/div>\n\t\t\t\t<\/div>\n\t\t<div class=\"elementor-element elementor-element-cea517a e-flex e-con-boxed e-con e-parent\" data-id=\"cea517a\" data-element_type=\"container\">\n\t\t\t\t\t<div class=\"e-con-inner\">\n\t\t<div class=\"elementor-element elementor-element-51a6d86 e-con-full e-flex e-con e-child\" data-id=\"51a6d86\" data-element_type=\"container\">\n\t\t<div class=\"elementor-element elementor-element-6a35764 e-con-full e-flex elementor-invisible e-con e-child\" data-id=\"6a35764\" data-element_type=\"container\" data-settings=\"{&quot;background_background&quot;:&quot;classic&quot;,&quot;animation&quot;:&quot;fadeInLeft&quot;}\">\n\t\t\t\t<div class=\"elementor-element elementor-element-aa2cd07 elementor-widget elementor-widget-heading\" data-id=\"aa2cd07\" data-element_type=\"widget\" data-widget_type=\"heading.default\">\n\t\t\t\t<div class=\"elementor-widget-container\">\n\t\t\t<h2 class=\"elementor-heading-title elementor-size-default\">Reaktif Dijital Bask\u0131<\/h2>\t\t<\/div>\n\t\t\t\t<\/div>\n\t\t\t\t<div class=\"elementor-element elementor-element-414366f elementor-invisible elementor-widget elementor-widget-text-editor\" data-id=\"414366f\" data-element_type=\"widget\" data-settings=\"{&quot;_animation&quot;:&quot;fadeInLeft&quot;,&quot;_animation_delay&quot;:&quot;100&quot;}\" data-widget_type=\"text-editor.default\">\n\t\t\t\t<div class=\"elementor-widget-container\">\n\t\t\t\t\t\t\t<p>Reaktif dijital bask\u0131 s\u00fcreci, rengi kuma\u015fa kal\u0131c\u0131 olarak yerle\u015ftirerek \u00e7al\u0131\u015f\u0131r. Reaktif dijital bask\u0131, kullan\u0131lan m\u00fcrekkepler sayesinde do\u011fal elyaflar, \u00f6zellikle pamuk \u00fczerine bask\u0131 yapabilen \u00e7ok esnek bir bask\u0131 y\u00f6ntemidir. Reaktif m\u00fcrekkepler, ipek, y\u00fcn, viskon, modal iplik ve benzeri kar\u0131\u015f\u0131ml\u0131, dokuma ve \u00f6rme kuma\u015flar \u00fczerine de kal\u0131plara ihtiya\u00e7 duymadan bask\u0131 yapmay\u0131 sa\u011flar.<\/p><p><strong><em>Avantajlar<\/em><\/strong><\/p><ul><li>Reaktif m\u00fcrekkepler, \u00f6zellikle pamuk veya viskon \u00fczerine bask\u0131 yap\u0131ld\u0131\u011f\u0131nda y\u00fcksek kaliteli renkler \u00fcretebilir.\u00a0<\/li><li>Bu t\u00fcr bask\u0131, y\u00fcksek y\u0131kama hasl\u0131\u011f\u0131na sahiptir. Bu, \u00f6zellikle \u00fcst d\u00fczey moda markalar\u0131 i\u00e7in bask\u0131 yaparken \u00f6nemli bir \u00f6zelliktir, \u00e7\u00fcnk\u00fc kuma\u015flar s\u0131k s\u0131k y\u0131kansa bile renk veya doku kayb\u0131 ya\u015fanmaz.<\/li><li>Bu i\u015flemi, \u00f6zellikle ipek, pamuk, y\u00fcn, ka\u015fmir, keten, kenevir gibi do\u011fal veya protein lifleri gibi \u00e7o\u011fu do\u011fal kuma\u015fta kullanabilirsiniz.<\/li><\/ul>\t\t\t\t\t\t<\/div>\n\t\t\t\t<\/div>\n\t\t\t\t<div class=\"elementor-element elementor-element-e309371 elementor-widget elementor-widget-heading\" data-id=\"e309371\" data-element_type=\"widget\" data-widget_type=\"heading.default\">\n\t\t\t\t<div class=\"elementor-widget-container\">\n\t\t\t<h2 class=\"elementor-heading-title elementor-size-default\">Pigment Dijital Bask\u0131<\/h2>\t\t<\/div>\n\t\t\t\t<\/div>\n\t\t\t\t<div class=\"elementor-element elementor-element-0320f40 elementor-invisible elementor-widget elementor-widget-text-editor\" data-id=\"0320f40\" data-element_type=\"widget\" data-settings=\"{&quot;_animation&quot;:&quot;fadeInLeft&quot;,&quot;_animation_delay&quot;:&quot;100&quot;}\" data-widget_type=\"text-editor.default\">\n\t\t\t\t<div class=\"elementor-widget-container\">\n\t\t\t\t\t\t\t<p>Pigment Dijital Bask\u0131, d\u00fcnyadaki en yeni dijital bask\u0131 tekni\u011fidir. Tek bir bask\u0131 t\u00fcr\u00fcyle t\u00fcm kuma\u015f t\u00fcrleri \u00fczerinde bask\u0131 yapmay\u0131 m\u00fcmk\u00fcn k\u0131lar. Pigment m\u00fcrekkepleri kullanmak, pek \u00e7ok durumda tekstil \u00fczerine bask\u0131 yapman\u0131n en istenilen yoludur. Akel\u2019de \u015fu anda geli\u015ftirilme s\u00fcrecinde olan bu teknik, kalite iyile\u015ftirmeleri tamamlan\u0131r tamamlanmaz seri \u00fcretime dahil edilecektir.<\/p><p><strong><em>Avantajlar<\/em><\/strong><\/p><ul><li>\u00c7e\u015fitli lif t\u00fcrlerinden yap\u0131lm\u0131\u015f geni\u015f bir kuma\u015f yelpazesinde benzersiz desenler olu\u015fturulmas\u0131na olanak tan\u0131r.<\/li><li>Bu, maliyet a\u00e7\u0131s\u0131ndan etkili bir bask\u0131 tekni\u011fidir.<\/li><\/ul>\t\t\t\t\t\t<\/div>\n\t\t\t\t<\/div>\n\t\t\t\t<\/div>\n\t\t\t\t<\/div>\n\t\t\t\t\t<\/div>\n\t\t\t\t<\/div>\n\t\t<div class=\"elementor-element elementor-element-92d6d19 e-flex e-con-boxed e-con e-parent\" data-id=\"92d6d19\" data-element_type=\"container\">\n\t\t\t\t\t<div class=\"e-con-inner\">\n\t\t<div class=\"elementor-element elementor-element-b5d4f52 e-con-full e-flex e-con e-child\" data-id=\"b5d4f52\" data-element_type=\"container\">\n\t\t<div class=\"elementor-element elementor-element-46fc90b e-con-full e-flex elementor-invisible e-con e-child\" data-id=\"46fc90b\" data-element_type=\"container\" data-settings=\"{&quot;background_background&quot;:&quot;classic&quot;,&quot;animation&quot;:&quot;fadeInLeft&quot;}\">\n\t\t\t\t<div class=\"elementor-element elementor-element-7f2fb11 elementor-widget elementor-widget-heading\" data-id=\"7f2fb11\" data-element_type=\"widget\" data-widget_type=\"heading.default\">\n\t\t\t\t<div class=\"elementor-widget-container\">\n\t\t\t<h2 class=\"elementor-heading-title elementor-size-default\">Asidik Dijital Bask\u0131 <\/h2>\t\t<\/div>\n\t\t\t\t<\/div>\n\t\t\t\t<div class=\"elementor-element elementor-element-1aafc24 elementor-invisible elementor-widget elementor-widget-text-editor\" data-id=\"1aafc24\" data-element_type=\"widget\" data-settings=\"{&quot;_animation&quot;:&quot;fadeInLeft&quot;,&quot;_animation_delay&quot;:&quot;100&quot;}\" data-widget_type=\"text-editor.default\">\n\t\t\t\t<div class=\"elementor-widget-container\">\n\t\t\t\t\t\t\t<ul><li><p>Asidik dijital bask\u0131, d\u00fcnyan\u0131n en de\u011ferli lifleri aras\u0131nda yer alan naylon ka\u015fmir gibi kuma\u015flar \u00fczerinde bask\u0131 yapabilen bir bask\u0131 t\u00fcr\u00fcd\u00fcr. \u00dcst d\u00fczey moda giyim end\u00fcstrisi, m\u00fckemmel renk parlakl\u0131\u011f\u0131, h\u0131z ve y\u0131kama dayan\u0131kl\u0131l\u0131\u011f\u0131 nedeniyle asidik m\u00fcrekkepleri, ince ipekler, yumu\u015fak ka\u015fmirler ve renkli spor giyim ile mayo bask\u0131s\u0131 i\u00e7in kullan\u0131r. Geleneksel bask\u0131 y\u00f6ntemleri, \u00f6rne\u011fin d\u00f6ner veya d\u00fcz yatak bask\u0131, y\u00fcksek kaliteli bask\u0131lar \u00fcretebilse de, asidik m\u00fcrekkepler genellikle m\u00fcrekkebin malzemenin arka y\u00fczeyine kadar n\u00fcfuz etmesi gereken \u00fcr\u00fcnlerde tercih edilir. Canl\u0131 renkleriyle bilinen ve \u00f6zellikle y\u00fcn, naylon, deri ve ipek bask\u0131s\u0131nda kullan\u0131lan asidik m\u00fcrekkepler, renk tutma \u00f6zelli\u011fi g\u00f6stermeyen kuma\u015flar \u00fczerinde bask\u0131 yapmak i\u00e7in m\u00fckemmel bir se\u00e7enektir.<\/p><p><strong><em>Avantajlar<\/em><\/strong><\/p><ul><li>Y\u00fcksek renk verimi ve parlakl\u0131k.<\/li><li>M\u00fckemmel y\u0131kama ve \u0131\u015f\u0131k hasl\u0131\u011f\u0131 \u00f6zellikleri.<\/li><li>Polyamid, ipek ve di\u011fer \u015f\u0131k kuma\u015flar\u0131n bask\u0131s\u0131 i\u00e7in en iyi m\u00fcrekkepler.<\/li><li>Bask\u0131 kafas\u0131n\u0131 t\u0131kamadan m\u00fckemmel stabilite.<\/li><li>Y\u00fcksek renk doygunlu\u011fu ve renk sabitleme oran\u0131.<\/li><li>M\u00fckemmel g\u00f6r\u00fcnt\u00fc tan\u0131mlamas\u0131 sonras\u0131 i\u015fleme.<\/li><\/ul><\/li><\/ul>\t\t\t\t\t\t<\/div>\n\t\t\t\t<\/div>\n\t\t\t\t<\/div>\n\t\t\t\t<\/div>\n\t\t\t\t\t<\/div>\n\t\t\t\t<\/div>\n\t\t<div class=\"elementor-element elementor-element-9aa2f9b e-flex e-con-boxed e-con e-parent\" data-id=\"9aa2f9b\" data-element_type=\"container\">\n\t\t\t\t\t<div class=\"e-con-inner\">\n\t\t<div class=\"elementor-element elementor-element-218561f e-con-full e-flex e-con e-child\" data-id=\"218561f\" data-element_type=\"container\">\n\t\t\t\t<div class=\"elementor-element elementor-element-c813663 elementor-widget elementor-widget-image\" data-id=\"c813663\" data-element_type=\"widget\" data-widget_type=\"image.default\">\n\t\t\t\t<div class=\"elementor-widget-container\">\n\t\t\t\t\t\t\t\t\t\t\t\t\t<img decoding=\"async\" width=\"800\" height=\"534\" src=\"https:\/\/akel.ctemplate.com\/wp-content\/uploads\/2025\/01\/AT1_5594-min-1024x683.jpg\" class=\"attachment-large size-large wp-image-904\" alt=\"\" srcset=\"https:\/\/akel.ctemplate.com\/wp-content\/uploads\/2025\/01\/AT1_5594-min-1024x683.jpg 1024w, https:\/\/akel.ctemplate.com\/wp-content\/uploads\/2025\/01\/AT1_5594-min-300x200.jpg 300w, https:\/\/akel.ctemplate.com\/wp-content\/uploads\/2025\/01\/AT1_5594-min-768x512.jpg 768w, https:\/\/akel.ctemplate.com\/wp-content\/uploads\/2025\/01\/AT1_5594-min-1536x1024.jpg 1536w, https:\/\/akel.ctemplate.com\/wp-content\/uploads\/2025\/01\/AT1_5594-min-2048x1365.jpg 2048w\" sizes=\"(max-width: 800px) 100vw, 800px\" \/>\t\t\t\t\t\t\t\t\t\t\t\t\t<\/div>\n\t\t\t\t<\/div>\n\t\t\t\t<\/div>\n\t\t\t\t\t<\/div>\n\t\t\t\t<\/div>\n\t\t\t\t<\/div>","protected":false},"excerpt":{"rendered":"<p>Pr\u0131nt\u0131ng Disperse Direct Digital Printing \u00a0 Digital printing has always been Akel\u2019s forte. Akel is one of the few companies in the world which brings together a variety of digital printing options on any fabric. In direct disperse printing, you can print the ink directly onto the fabric. After the ink has been printed onto [&hellip;]<\/p>","protected":false},"author":1,"featured_media":0,"parent":0,"menu_order":0,"comment_status":"closed","ping_status":"closed","template":"elementor_header_footer","meta":{"footnotes":""},"class_list":["post-880","page","type-page","status-publish","hentry"],"_links":{"self":[{"href":"https:\/\/akel.ctemplate.com\/tr\/wp-json\/wp\/v2\/pages\/880","targetHints":{"allow":["GET"]}}],"collection":[{"href":"https:\/\/akel.ctemplate.com\/tr\/wp-json\/wp\/v2\/pages"}],"about":[{"href":"https:\/\/akel.ctemplate.com\/tr\/wp-json\/wp\/v2\/types\/page"}],"author":[{"embeddable":true,"href":"https:\/\/akel.ctemplate.com\/tr\/wp-json\/wp\/v2\/users\/1"}],"replies":[{"embeddable":true,"href":"https:\/\/akel.ctemplate.com\/tr\/wp-json\/wp\/v2\/comments?post=880"}],"version-history":[{"count":22,"href":"https:\/\/akel.ctemplate.com\/tr\/wp-json\/wp\/v2\/pages\/880\/revisions"}],"predecessor-version":[{"id":1923,"href":"https:\/\/akel.ctemplate.com\/tr\/wp-json\/wp\/v2\/pages\/880\/revisions\/1923"}],"wp:attachment":[{"href":"https:\/\/akel.ctemplate.com\/tr\/wp-json\/wp\/v2\/media?parent=880"}],"curies":[{"name":"wp","href":"https:\/\/api.w.org\/{rel}","templated":true}]}}