{"id":910,"date":"2025-01-07T22:04:50","date_gmt":"2025-01-07T19:04:50","guid":{"rendered":"https:\/\/akel.ctemplate.com\/?page_id=910"},"modified":"2025-03-20T03:19:29","modified_gmt":"2025-03-20T00:19:29","slug":"apparel","status":"publish","type":"page","link":"https:\/\/akel.ctemplate.com\/tr\/apparel\/","title":{"rendered":"Konfeksiyon"},"content":{"rendered":"<div data-elementor-type=\"wp-page\" data-elementor-id=\"910\" class=\"elementor elementor-910\">\n\t\t\t\t<div class=\"elementor-element elementor-element-5fd2cabc e-flex e-con-boxed e-con e-parent\" data-id=\"5fd2cabc\" data-element_type=\"container\" data-settings=\"{&quot;background_background&quot;:&quot;video&quot;,&quot;background_play_on_mobile&quot;:&quot;yes&quot;,&quot;background_video_link&quot;:&quot;https:\\\/\\\/akel.ctemplate.com\\\/wp-content\\\/uploads\\\/2025\\\/03\\\/akel-konfeksiyon.mp4&quot;}\">\n\t\t\t\t\t<div class=\"e-con-inner\">\n\t\t<div class=\"elementor-background-video-container\">\n\t\t\t\t\t\t\t<video class=\"elementor-background-video-hosted elementor-html5-video\" autoplay muted playsinline loop><\/video>\n\t\t\t\t\t<\/div><div class=\"elementor-element elementor-element-661c0f5c e-con-full e-flex e-con e-child\" data-id=\"661c0f5c\" data-element_type=\"container\">\n\t\t\t\t<div class=\"elementor-element elementor-element-4f26f08e elementor-icon-list--layout-inline elementor-align-center elementor-mobile-align-center elementor-list-item-link-full_width elementor-widget elementor-widget-icon-list\" data-id=\"4f26f08e\" data-element_type=\"widget\" data-widget_type=\"icon-list.default\">\n\t\t\t\t<div class=\"elementor-widget-container\">\n\t\t\t\t\t<ul class=\"elementor-icon-list-items elementor-inline-items\">\n\t\t\t\t\t\t\t<li class=\"elementor-icon-list-item elementor-inline-item\">\n\t\t\t\t\t\t\t\t\t\t<span class=\"elementor-icon-list-text\"><\/span>\n\t\t\t\t\t\t\t\t\t<\/li>\n\t\t\t\t\t\t<\/ul>\n\t\t\t\t<\/div>\n\t\t\t\t<\/div>\n\t\t\t\t<div class=\"elementor-element elementor-element-171c8326 elementor-invisible elementor-widget elementor-widget-heading\" data-id=\"171c8326\" data-element_type=\"widget\" data-settings=\"{&quot;_animation&quot;:&quot;fadeIn&quot;}\" data-widget_type=\"heading.default\">\n\t\t\t\t<div class=\"elementor-widget-container\">\n\t\t\t<h1 class=\"elementor-heading-title elementor-size-default\">Konfeksiyon<\/h1>\t\t<\/div>\n\t\t\t\t<\/div>\n\t\t\t\t<div class=\"elementor-element elementor-element-350e0031 elementor-widget-divider--view-line elementor-invisible elementor-widget elementor-widget-divider\" data-id=\"350e0031\" data-element_type=\"widget\" data-settings=\"{&quot;_animation&quot;:&quot;fadeIn&quot;,&quot;_animation_delay&quot;:&quot;100&quot;}\" data-widget_type=\"divider.default\">\n\t\t\t\t<div class=\"elementor-widget-container\">\n\t\t\t\t\t<div class=\"elementor-divider\">\n\t\t\t<span class=\"elementor-divider-separator\">\n\t\t\t\t\t\t<\/span>\n\t\t<\/div>\n\t\t\t\t<\/div>\n\t\t\t\t<\/div>\n\t\t\t\t<\/div>\n\t\t\t\t\t<\/div>\n\t\t\t\t<\/div>\n\t\t<div class=\"elementor-element elementor-element-5cd4511 e-flex e-con-boxed e-con e-parent\" data-id=\"5cd4511\" data-element_type=\"container\">\n\t\t\t\t\t<div class=\"e-con-inner\">\n\t\t<div class=\"elementor-element elementor-element-9d472e8 e-con-full e-flex e-con e-child\" data-id=\"9d472e8\" data-element_type=\"container\">\n\t\t\t\t<div class=\"elementor-element elementor-element-79aed686 elementor-widget elementor-widget-image\" data-id=\"79aed686\" data-element_type=\"widget\" data-widget_type=\"image.default\">\n\t\t\t\t<div class=\"elementor-widget-container\">\n\t\t\t\t\t\t\t\t\t\t\t\t\t\t<a href=\"https:\/\/akel.ctemplate.com\/wp-content\/uploads\/2025\/01\/AT1_5790-min-scaled.jpg\" data-elementor-open-lightbox=\"yes\" data-elementor-lightbox-title=\"AT1_5790-min\" data-e-action-hash=\"#elementor-action%3Aaction%3Dlightbox%26settings%3DeyJpZCI6OTEzLCJ1cmwiOiJodHRwczpcL1wvYWtlbC5jdGVtcGxhdGUuY29tXC93cC1jb250ZW50XC91cGxvYWRzXC8yMDI1XC8wMVwvQVQxXzU3OTAtbWluLXNjYWxlZC5qcGcifQ%3D%3D\">\n\t\t\t\t\t\t\t<img fetchpriority=\"high\" decoding=\"async\" width=\"1707\" height=\"2560\" src=\"https:\/\/akel.ctemplate.com\/wp-content\/uploads\/2025\/01\/AT1_5790-min-scaled.jpg\" class=\"attachment-full size-full wp-image-913\" alt=\"\" srcset=\"https:\/\/akel.ctemplate.com\/wp-content\/uploads\/2025\/01\/AT1_5790-min-scaled.jpg 1707w, https:\/\/akel.ctemplate.com\/wp-content\/uploads\/2025\/01\/AT1_5790-min-200x300.jpg 200w, https:\/\/akel.ctemplate.com\/wp-content\/uploads\/2025\/01\/AT1_5790-min-683x1024.jpg 683w, https:\/\/akel.ctemplate.com\/wp-content\/uploads\/2025\/01\/AT1_5790-min-768x1152.jpg 768w, https:\/\/akel.ctemplate.com\/wp-content\/uploads\/2025\/01\/AT1_5790-min-1024x1536.jpg 1024w, https:\/\/akel.ctemplate.com\/wp-content\/uploads\/2025\/01\/AT1_5790-min-1365x2048.jpg 1365w\" sizes=\"(max-width: 1707px) 100vw, 1707px\" \/>\t\t\t\t\t\t\t\t<\/a>\n\t\t\t\t\t\t\t\t\t\t\t\t\t<\/div>\n\t\t\t\t<\/div>\n\t\t\t\t<\/div>\n\t\t<div class=\"elementor-element elementor-element-2ff70dd e-con-full e-flex e-con e-child\" data-id=\"2ff70dd\" data-element_type=\"container\">\n\t\t<div class=\"elementor-element elementor-element-761f1f53 e-con-full e-flex elementor-invisible e-con e-child\" data-id=\"761f1f53\" data-element_type=\"container\" data-settings=\"{&quot;background_background&quot;:&quot;classic&quot;,&quot;animation&quot;:&quot;fadeInLeft&quot;}\">\n\t\t\t\t<div class=\"elementor-element elementor-element-4d09a90 elementor-invisible elementor-widget elementor-widget-text-editor\" data-id=\"4d09a90\" data-element_type=\"widget\" data-settings=\"{&quot;_animation&quot;:&quot;fadeInLeft&quot;,&quot;_animation_delay&quot;:&quot;100&quot;}\" data-widget_type=\"text-editor.default\">\n\t\t\t\t<div class=\"elementor-widget-container\">\n\t\t\t\t\t\t\t<p>Akel Apparel olarak, global giyim markalar\u0131na kapsaml\u0131 \u00fcretim ve d\u0131\u015f kaynak kullan\u0131m\u0131 hizmetleri sunuyoruz. Tekstil end\u00fcstrisinde se\u00e7kin bir isim olarak, kuma\u015f se\u00e7imi ve nihai \u00fcr\u00fcne kadar giyim \u00fcretimi i\u00e7in \u00f6zel \u00e7\u00f6z\u00fcmler sa\u011fl\u0131yoruz. \u0130leri d\u00fczey \u00fcretim tesislerimiz ve uzmanl\u0131\u011f\u0131m\u0131z ile markalar\u0131n, benzersiz tasar\u0131m, kalite ve s\u00fcrd\u00fcr\u00fclebilirlik gereksinimlerine uygun y\u00fcksek kaliteli giyim koleksiyonlar\u0131 olu\u015fturmalar\u0131na destek oluyoruz. M\u00fc\u015fteri odakl\u0131 yakla\u015f\u0131m\u0131m\u0131z, her diki\u015fte esneklik, hassasiyet ve m\u00fckemmeliyet sunarak yarat\u0131c\u0131 vizyonunuzu hayata ge\u00e7irmenizi sa\u011flar.<\/p>\t\t\t\t\t\t<\/div>\n\t\t\t\t<\/div>\n\t\t\t\t<\/div>\n\t\t\t\t<\/div>\n\t\t\t\t\t<\/div>\n\t\t\t\t<\/div>\n\t\t<div class=\"elementor-element elementor-element-709fe9c7 e-flex e-con-boxed e-con e-parent\" data-id=\"709fe9c7\" data-element_type=\"container\" data-settings=\"{&quot;background_background&quot;:&quot;classic&quot;}\">\n\t\t\t\t\t<div class=\"e-con-inner\">\n\t\t<div class=\"elementor-element elementor-element-74acac8c e-con-full e-flex elementor-invisible e-con e-child\" data-id=\"74acac8c\" data-element_type=\"container\" data-settings=\"{&quot;background_background&quot;:&quot;classic&quot;,&quot;animation&quot;:&quot;fadeInLeft&quot;}\">\n\t\t\t\t<div class=\"elementor-element elementor-element-378f3be3 elementor-widget elementor-widget-text-editor\" data-id=\"378f3be3\" data-element_type=\"widget\" data-widget_type=\"text-editor.default\">\n\t\t\t\t<div class=\"elementor-widget-container\">\n\t\t\t\t\t\t\t<p>Ayr\u0131ca, \u00f6zel \u00fcretim \u00e7\u00f6z\u00fcmleri sunarak s\u00f6zle\u015fmeli \u00fcretim konusunda uzmanla\u015fm\u0131\u015f bir firmay\u0131z. K\u00fc\u00e7\u00fck partilerden b\u00fcy\u00fck \u00f6l\u00e7ekli \u00fcretime kadar, her sipari\u015fi ayn\u0131 seviyede \u00f6zveri, kalite ve verimlilikle ger\u00e7ekle\u015ftiriyoruz. Akel olarak, markan\u0131z\u0131n standartlar\u0131 ve vizyonuyla uyumlu ola\u011fan\u00fcst\u00fc sonu\u00e7lar elde etmeye kararl\u0131y\u0131z.<\/p>\t\t\t\t\t\t<\/div>\n\t\t\t\t<\/div>\n\t\t\t\t<\/div>\n\t\t\t\t<div class=\"elementor-element elementor-element-e3b18fa elementor-widget elementor-widget-image\" data-id=\"e3b18fa\" data-element_type=\"widget\" data-widget_type=\"image.default\">\n\t\t\t\t<div class=\"elementor-widget-container\">\n\t\t\t\t\t\t\t\t\t\t\t\t\t<img decoding=\"async\" width=\"683\" height=\"1024\" src=\"https:\/\/akel.ctemplate.com\/wp-content\/uploads\/2025\/01\/AT1_6391-min-683x1024.jpg\" class=\"attachment-large size-large wp-image-918\" alt=\"\" srcset=\"https:\/\/akel.ctemplate.com\/wp-content\/uploads\/2025\/01\/AT1_6391-min-683x1024.jpg 683w, https:\/\/akel.ctemplate.com\/wp-content\/uploads\/2025\/01\/AT1_6391-min-200x300.jpg 200w, https:\/\/akel.ctemplate.com\/wp-content\/uploads\/2025\/01\/AT1_6391-min-768x1152.jpg 768w, https:\/\/akel.ctemplate.com\/wp-content\/uploads\/2025\/01\/AT1_6391-min-1024x1536.jpg 1024w, https:\/\/akel.ctemplate.com\/wp-content\/uploads\/2025\/01\/AT1_6391-min-1365x2048.jpg 1365w, https:\/\/akel.ctemplate.com\/wp-content\/uploads\/2025\/01\/AT1_6391-min-scaled.jpg 1707w\" sizes=\"(max-width: 683px) 100vw, 683px\" \/>\t\t\t\t\t\t\t\t\t\t\t\t\t<\/div>\n\t\t\t\t<\/div>\n\t\t\t\t\t<\/div>\n\t\t\t\t<\/div>\n\t\t<div class=\"elementor-element elementor-element-9aa2f9b e-flex e-con-boxed e-con e-parent\" data-id=\"9aa2f9b\" data-element_type=\"container\">\n\t\t\t\t\t<div class=\"e-con-inner\">\n\t\t<div class=\"elementor-element elementor-element-218561f e-con-full e-flex e-con e-child\" data-id=\"218561f\" data-element_type=\"container\">\n\t\t\t\t<div class=\"elementor-element elementor-element-c813663 elementor-widget elementor-widget-image\" data-id=\"c813663\" data-element_type=\"widget\" data-widget_type=\"image.default\">\n\t\t\t\t<div class=\"elementor-widget-container\">\n\t\t\t\t\t\t\t\t\t\t\t\t\t<img decoding=\"async\" width=\"800\" height=\"534\" src=\"https:\/\/akel.ctemplate.com\/wp-content\/uploads\/2025\/01\/AT1_6396-min-1024x683.jpg\" class=\"attachment-large size-large wp-image-919\" alt=\"\" srcset=\"https:\/\/akel.ctemplate.com\/wp-content\/uploads\/2025\/01\/AT1_6396-min-1024x683.jpg 1024w, https:\/\/akel.ctemplate.com\/wp-content\/uploads\/2025\/01\/AT1_6396-min-300x200.jpg 300w, https:\/\/akel.ctemplate.com\/wp-content\/uploads\/2025\/01\/AT1_6396-min-768x512.jpg 768w, https:\/\/akel.ctemplate.com\/wp-content\/uploads\/2025\/01\/AT1_6396-min-1536x1024.jpg 1536w, https:\/\/akel.ctemplate.com\/wp-content\/uploads\/2025\/01\/AT1_6396-min-2048x1365.jpg 2048w\" sizes=\"(max-width: 800px) 100vw, 800px\" \/>\t\t\t\t\t\t\t\t\t\t\t\t\t<\/div>\n\t\t\t\t<\/div>\n\t\t\t\t<\/div>\n\t\t\t\t\t<\/div>\n\t\t\t\t<\/div>\n\t\t\t\t<\/div>","protected":false},"excerpt":{"rendered":"<p>Apparel At Akel Apparel, we offer comprehensive production and outsourcing services to global apparel brands. As a distinguished name in the textile industry, we provide tailored solutions for clothing manufacturing, from fabric selection to the final product. With our advanced production facilities and expertise, we support brands in creating high-quality apparel collections that meet their [&hellip;]<\/p>","protected":false},"author":1,"featured_media":0,"parent":0,"menu_order":0,"comment_status":"closed","ping_status":"closed","template":"elementor_header_footer","meta":{"footnotes":""},"class_list":["post-910","page","type-page","status-publish","hentry"],"_links":{"self":[{"href":"https:\/\/akel.ctemplate.com\/tr\/wp-json\/wp\/v2\/pages\/910","targetHints":{"allow":["GET"]}}],"collection":[{"href":"https:\/\/akel.ctemplate.com\/tr\/wp-json\/wp\/v2\/pages"}],"about":[{"href":"https:\/\/akel.ctemplate.com\/tr\/wp-json\/wp\/v2\/types\/page"}],"author":[{"embeddable":true,"href":"https:\/\/akel.ctemplate.com\/tr\/wp-json\/wp\/v2\/users\/1"}],"replies":[{"embeddable":true,"href":"https:\/\/akel.ctemplate.com\/tr\/wp-json\/wp\/v2\/comments?post=910"}],"version-history":[{"count":19,"href":"https:\/\/akel.ctemplate.com\/tr\/wp-json\/wp\/v2\/pages\/910\/revisions"}],"predecessor-version":[{"id":1911,"href":"https:\/\/akel.ctemplate.com\/tr\/wp-json\/wp\/v2\/pages\/910\/revisions\/1911"}],"wp:attachment":[{"href":"https:\/\/akel.ctemplate.com\/tr\/wp-json\/wp\/v2\/media?parent=910"}],"curies":[{"name":"wp","href":"https:\/\/api.w.org\/{rel}","templated":true}]}}