{"id":977,"date":"2025-01-07T22:42:58","date_gmt":"2025-01-07T19:42:58","guid":{"rendered":"https:\/\/akel.ctemplate.com\/?page_id=977"},"modified":"2025-03-17T23:20:56","modified_gmt":"2025-03-17T20:20:56","slug":"hr","status":"publish","type":"page","link":"https:\/\/akel.ctemplate.com\/tr\/hr\/","title":{"rendered":"Hr"},"content":{"rendered":"<div data-elementor-type=\"wp-page\" data-elementor-id=\"977\" class=\"elementor elementor-977\">\n\t\t\t\t<div class=\"elementor-element elementor-element-210f6c57 e-flex e-con-boxed e-con e-parent\" data-id=\"210f6c57\" data-element_type=\"container\" data-settings=\"{&quot;background_background&quot;:&quot;video&quot;,&quot;background_video_link&quot;:&quot;https:\\\/\\\/akel.ctemplate.com\\\/wp-content\\\/uploads\\\/2025\\\/03\\\/akel-IK.mp4&quot;}\">\n\t\t\t\t\t<div class=\"e-con-inner\">\n\t\t<div class=\"elementor-background-video-container elementor-hidden-mobile\">\n\t\t\t\t\t\t\t<video class=\"elementor-background-video-hosted elementor-html5-video\" autoplay muted playsinline loop><\/video>\n\t\t\t\t\t<\/div><div class=\"elementor-element elementor-element-46c7a0a1 e-con-full e-flex e-con e-child\" data-id=\"46c7a0a1\" data-element_type=\"container\">\n\t\t\t\t<div class=\"elementor-element elementor-element-63d7ee6a elementor-icon-list--layout-inline elementor-align-center elementor-mobile-align-center elementor-list-item-link-full_width elementor-widget elementor-widget-icon-list\" data-id=\"63d7ee6a\" data-element_type=\"widget\" data-widget_type=\"icon-list.default\">\n\t\t\t\t<div class=\"elementor-widget-container\">\n\t\t\t\t\t<ul class=\"elementor-icon-list-items elementor-inline-items\">\n\t\t\t\t\t\t\t<li class=\"elementor-icon-list-item elementor-inline-item\">\n\t\t\t\t\t\t\t\t\t\t<span class=\"elementor-icon-list-text\"><\/span>\n\t\t\t\t\t\t\t\t\t<\/li>\n\t\t\t\t\t\t<\/ul>\n\t\t\t\t<\/div>\n\t\t\t\t<\/div>\n\t\t\t\t<div class=\"elementor-element elementor-element-17af32be elementor-invisible elementor-widget elementor-widget-heading\" data-id=\"17af32be\" data-element_type=\"widget\" data-settings=\"{&quot;_animation&quot;:&quot;fadeIn&quot;}\" data-widget_type=\"heading.default\">\n\t\t\t\t<div class=\"elementor-widget-container\">\n\t\t\t<h1 class=\"elementor-heading-title elementor-size-default\">\u0130K<\/h1>\t\t<\/div>\n\t\t\t\t<\/div>\n\t\t\t\t<div class=\"elementor-element elementor-element-6b354da0 elementor-widget-divider--view-line elementor-invisible elementor-widget elementor-widget-divider\" data-id=\"6b354da0\" data-element_type=\"widget\" data-settings=\"{&quot;_animation&quot;:&quot;fadeIn&quot;,&quot;_animation_delay&quot;:&quot;100&quot;}\" data-widget_type=\"divider.default\">\n\t\t\t\t<div class=\"elementor-widget-container\">\n\t\t\t\t\t<div class=\"elementor-divider\">\n\t\t\t<span class=\"elementor-divider-separator\">\n\t\t\t\t\t\t<\/span>\n\t\t<\/div>\n\t\t\t\t<\/div>\n\t\t\t\t<\/div>\n\t\t\t\t<\/div>\n\t\t\t\t\t<\/div>\n\t\t\t\t<\/div>\n\t\t<div class=\"elementor-element elementor-element-1bc20dfa e-flex e-con-boxed e-con e-parent\" data-id=\"1bc20dfa\" data-element_type=\"container\">\n\t\t\t\t\t<div class=\"e-con-inner\">\n\t\t<div class=\"elementor-element elementor-element-74697f45 e-con-full e-flex e-con e-child\" data-id=\"74697f45\" data-element_type=\"container\">\n\t\t\t\t<div class=\"elementor-element elementor-element-4d3e2078 elementor-widget elementor-widget-image\" data-id=\"4d3e2078\" data-element_type=\"widget\" data-widget_type=\"image.default\">\n\t\t\t\t<div class=\"elementor-widget-container\">\n\t\t\t\t\t\t\t\t\t\t\t\t\t\t<a href=\"https:\/\/akel.ctemplate.com\/wp-content\/uploads\/2025\/01\/AT1_6396-min-scaled.jpg\" data-elementor-open-lightbox=\"yes\" data-elementor-lightbox-title=\"AT1_6396-min\" data-e-action-hash=\"#elementor-action%3Aaction%3Dlightbox%26settings%3DeyJpZCI6OTE5LCJ1cmwiOiJodHRwczpcL1wvYWtlbC5jdGVtcGxhdGUuY29tXC93cC1jb250ZW50XC91cGxvYWRzXC8yMDI1XC8wMVwvQVQxXzYzOTYtbWluLXNjYWxlZC5qcGcifQ%3D%3D\">\n\t\t\t\t\t\t\t<img fetchpriority=\"high\" decoding=\"async\" width=\"2560\" height=\"1707\" src=\"https:\/\/akel.ctemplate.com\/wp-content\/uploads\/2025\/01\/AT1_6396-min-scaled.jpg\" class=\"attachment-full size-full wp-image-919\" alt=\"\" srcset=\"https:\/\/akel.ctemplate.com\/wp-content\/uploads\/2025\/01\/AT1_6396-min-scaled.jpg 2560w, https:\/\/akel.ctemplate.com\/wp-content\/uploads\/2025\/01\/AT1_6396-min-300x200.jpg 300w, https:\/\/akel.ctemplate.com\/wp-content\/uploads\/2025\/01\/AT1_6396-min-1024x683.jpg 1024w, https:\/\/akel.ctemplate.com\/wp-content\/uploads\/2025\/01\/AT1_6396-min-768x512.jpg 768w, https:\/\/akel.ctemplate.com\/wp-content\/uploads\/2025\/01\/AT1_6396-min-1536x1024.jpg 1536w, https:\/\/akel.ctemplate.com\/wp-content\/uploads\/2025\/01\/AT1_6396-min-2048x1365.jpg 2048w\" sizes=\"(max-width: 2560px) 100vw, 2560px\" \/>\t\t\t\t\t\t\t\t<\/a>\n\t\t\t\t\t\t\t\t\t\t\t\t\t<\/div>\n\t\t\t\t<\/div>\n\t\t\t\t<div class=\"elementor-element elementor-element-254647f elementor-widget elementor-widget-button\" data-id=\"254647f\" data-element_type=\"widget\" data-widget_type=\"button.default\">\n\t\t\t\t<div class=\"elementor-widget-container\">\n\t\t\t\t\t\t\t<div class=\"elementor-button-wrapper\">\n\t\t\t\t\t<a class=\"elementor-button elementor-button-link elementor-size-sm\" href=\"#\">\n\t\t\t\t\t\t<span class=\"elementor-button-content-wrapper\">\n\t\t\t\t\t\t\t\t\t<span class=\"elementor-button-text\">CV G\u00d6NDER<\/span>\n\t\t\t\t\t<\/span>\n\t\t\t\t\t<\/a>\n\t\t\t\t<\/div>\n\t\t\t\t\t\t<\/div>\n\t\t\t\t<\/div>\n\t\t\t\t<\/div>\n\t\t<div class=\"elementor-element elementor-element-50de06b7 e-con-full e-flex e-con e-child\" data-id=\"50de06b7\" data-element_type=\"container\">\n\t\t\t\t<div class=\"elementor-element elementor-element-2a4b0cb0 elementor-invisible elementor-widget elementor-widget-heading\" data-id=\"2a4b0cb0\" data-element_type=\"widget\" data-settings=\"{&quot;_animation&quot;:&quot;fadeInLeft&quot;}\" data-widget_type=\"heading.default\">\n\t\t\t\t<div class=\"elementor-widget-container\">\n\t\t\t<h3 class=\"elementor-heading-title elementor-size-default\">Ba\u015far\u0131m\u0131z\u0131n Temeli: \u00c7al\u0131\u015fanlar\u0131m\u0131z <\/h3>\t\t<\/div>\n\t\t\t\t<\/div>\n\t\t\t\t<div class=\"elementor-element elementor-element-71f47096 elementor-invisible elementor-widget elementor-widget-text-editor\" data-id=\"71f47096\" data-element_type=\"widget\" data-settings=\"{&quot;_animation&quot;:&quot;fadeInLeft&quot;,&quot;_animation_delay&quot;:&quot;100&quot;}\" data-widget_type=\"text-editor.default\">\n\t\t\t\t<div class=\"elementor-widget-container\">\n\t\t\t\t\t\t\t<p>\u0130nsan kaynaklar\u0131, bir organizasyonun en de\u011ferli kayna\u011f\u0131d\u0131r, \u00e7\u00fcnk\u00fc insanlar d\u00fc\u015f\u00fcn\u00fcr, konu\u015fur ve kendi iradelerine sahiptirler. Bir organizasyonun ba\u015far\u0131s\u0131 her zaman verimli ve etkili bir i\u015f g\u00fcc\u00fcne dayan\u0131r. \u0130nsan kaynaklar\u0131 politikalar\u0131, bir birey organizasyonun par\u00e7as\u0131 oldu\u011fu andan itibaren devreye girer. Bu s\u00fcre\u00e7, organizasyonun ba\u015far\u0131s\u0131n\u0131n temellerini atar ve insanlar\u0131n potansiyelini en iyi \u015fekilde kullanmay\u0131 ama\u00e7lar.\u00a0<\/p><p>\u0130nsan kaynaklar\u0131 politikalar\u0131m\u0131z kapsaml\u0131, geni\u015f kapsaml\u0131 ve insan\u0131 oda\u011f\u0131na al\u0131r. Bir organizasyonun ba\u015far\u0131 ya da ba\u015far\u0131s\u0131zl\u0131\u011f\u0131, insan kaynaklar\u0131n\u0131n etkin koordinasyonuna ve performanslar\u0131na ba\u011fl\u0131d\u0131r. \u00c7al\u0131\u015fanlar\u0131n memnuniyeti, mutlu bir \u015firketin temelini olu\u015fturur. Bu nedenle, bizim i\u00e7in insanlar en de\u011ferli kaynakt\u0131r.\u00a0<\/p><p>\u0130K Politikam\u0131z \u015fu ilkelere dayan\u0131r:<\/p>\t\t\t\t\t\t<\/div>\n\t\t\t\t<\/div>\n\t\t<div class=\"elementor-element elementor-element-46618518 e-con-full e-flex e-con e-child\" data-id=\"46618518\" data-element_type=\"container\">\n\t\t\t\t<div class=\"elementor-element elementor-element-65184c33 elementor-widget elementor-widget-jkit_progress_bar\" data-id=\"65184c33\" data-element_type=\"widget\" data-widget_type=\"jkit_progress_bar.default\">\n\t\t\t\t<div class=\"elementor-widget-container\">\n\t\t\t<div  class=\"jeg-elementor-kit jkit-progress-bar jeg_module___69e4a13a1ab12\" ><div class=\"progress-group\">\n            <div class=\"progress-skill-bar\"><div class=\"skill-bar-content\"><span class=\"skill-title\">\u015eeffafl\u0131k<\/span><\/div>\n                <div class=\"skill-bar\">\n                    <div class=\"skill-track\">\n                        \n                        <div class=\"number-percentage-wrapper\">\n                            <span class=\"number-percentage\" data-value=\"100\" data-animation-duration=\"3500\">100%<\/span>\n                        <\/div>\n                    <\/div>\n                <\/div><\/div>\n        <\/div><\/div>\t\t<\/div>\n\t\t\t\t<\/div>\n\t\t\t\t<div class=\"elementor-element elementor-element-5fdbbd84 elementor-widget elementor-widget-jkit_progress_bar\" data-id=\"5fdbbd84\" data-element_type=\"widget\" data-widget_type=\"jkit_progress_bar.default\">\n\t\t\t\t<div class=\"elementor-widget-container\">\n\t\t\t<div  class=\"jeg-elementor-kit jkit-progress-bar jeg_module__1_69e4a13a1b217\" ><div class=\"progress-group\">\n            <div class=\"progress-skill-bar\"><div class=\"skill-bar-content\"><span class=\"skill-title\">G\u00fcven<\/span><\/div>\n                <div class=\"skill-bar\">\n                    <div class=\"skill-track\">\n                        \n                        <div class=\"number-percentage-wrapper\">\n                            <span class=\"number-percentage\" data-value=\"100\" data-animation-duration=\"3500\">100%<\/span>\n                        <\/div>\n                    <\/div>\n                <\/div><\/div>\n        <\/div><\/div>\t\t<\/div>\n\t\t\t\t<\/div>\n\t\t\t\t<div class=\"elementor-element elementor-element-611664f7 elementor-widget elementor-widget-jkit_progress_bar\" data-id=\"611664f7\" data-element_type=\"widget\" data-widget_type=\"jkit_progress_bar.default\">\n\t\t\t\t<div class=\"elementor-widget-container\">\n\t\t\t<div  class=\"jeg-elementor-kit jkit-progress-bar jeg_module__2_69e4a13a1b53c\" ><div class=\"progress-group\">\n            <div class=\"progress-skill-bar\"><div class=\"skill-bar-content\"><span class=\"skill-title\">\u0130\u015fbirli\u011fi ve D\u00fcr\u00fcstl\u00fck<\/span><\/div>\n                <div class=\"skill-bar\">\n                    <div class=\"skill-track\">\n                        \n                        <div class=\"number-percentage-wrapper\">\n                            <span class=\"number-percentage\" data-value=\"100\" data-animation-duration=\"3500\">100%<\/span>\n                        <\/div>\n                    <\/div>\n                <\/div><\/div>\n        <\/div><\/div>\t\t<\/div>\n\t\t\t\t<\/div>\n\t\t\t\t<\/div>\n\t\t\t\t<\/div>\n\t\t\t\t\t<\/div>\n\t\t\t\t<\/div>\n\t\t<div class=\"elementor-element elementor-element-400c000c e-flex e-con-boxed e-con e-parent\" data-id=\"400c000c\" data-element_type=\"container\">\n\t\t\t\t\t<div class=\"e-con-inner\">\n\t\t<div class=\"elementor-element elementor-element-3b53a356 e-con-full e-flex e-con e-child\" data-id=\"3b53a356\" data-element_type=\"container\">\n\t\t\t\t<div class=\"elementor-element elementor-element-102644db elementor-invisible elementor-widget elementor-widget-text-editor\" data-id=\"102644db\" data-element_type=\"widget\" data-settings=\"{&quot;_animation&quot;:&quot;fadeInLeft&quot;,&quot;_animation_delay&quot;:&quot;300&quot;}\" data-widget_type=\"text-editor.default\">\n\t\t\t\t<div class=\"elementor-widget-container\">\n\t\t\t\t\t\t\t<p>\u015eirket k\u00fclt\u00fcr\u00fcm\u00fcz\u00fc bu 4 ilkeye g\u00f6re \u015fekillendiriyoruz. Benzersiz avantaj\u0131m\u0131z, k\u00fclt\u00fcr\u00fcm\u00fcz\u00fc ve insanlar\u0131m\u0131z\u0131 de\u011fi\u015fen d\u00fcnya ile dalgal\u0131 \u00e7al\u0131\u015fma ko\u015fullar\u0131na uyum sa\u011flamak i\u00e7in yeniden \u015fekillendirme yetene\u011fimizde yatmaktad\u0131r.\u00a0<\/p><p>G\u00fcn\u00fcm\u00fcz\u00fcn h\u0131zl\u0131 de\u011fi\u015fen ve dinamik d\u00fcnyas\u0131nda, k\u00fclt\u00fcr, s\u00fcrd\u00fcr\u00fclebilir avantaj\u0131n en b\u00fcy\u00fck belirleyicisidir. \u0130nsan kaynaklar\u0131 politikalar\u0131m\u0131z, ne kadar h\u0131zl\u0131 uyum sa\u011flayabilece\u011fimizi, ortak bir hedefe ne kadar g\u00fc\u00e7l\u00fc odaklanabilece\u011fimizi ve insanlar\u0131m\u0131z\u0131 ne kadar etkili bir \u015fekilde g\u00fc\u00e7lendirebilece\u011fimizi belirler. \u0130nsan kaynaklar\u0131m\u0131z\u0131n yarat\u0131c\u0131l\u0131\u011f\u0131n\u0131, becerisini ve ba\u011fl\u0131l\u0131\u011f\u0131n\u0131 kullanarak, s\u00fcrd\u00fcr\u00fclebilir ve rekabet\u00e7i bir avantaj elde ederiz.<\/p><p>\u00a0<\/p><p>Bizim k\u00fclt\u00fcr\u00fcm\u00fcz, payla\u015f\u0131lan de\u011ferler ve amac\u0131n \u00e7er\u00e7evesinde, insanlar\u0131m\u0131zla duygusal bir ba\u011f kurarak onlardan g\u00fc\u00e7 al\u0131r. \u0130lham verici ve birle\u015fmi\u015f bir liderlik ekibi taraf\u0131ndan \u00f6nc\u00fcl\u00fck edilen bu k\u00fclt\u00fcr, herkesi ayn\u0131 hedef etraf\u0131nda birle\u015ftirir ve harekete ge\u00e7irir.<\/p><p>\u00a0<\/p><p>Bizi biz yapan ve ne olursa olsun ilerlemeye devam etmemizi sa\u011flayan i\u015fte bu ko\u015fullard\u0131r.<\/p>\t\t\t\t\t\t<\/div>\n\t\t\t\t<\/div>\n\t\t\t\t<\/div>\n\t\t\t\t\t<\/div>\n\t\t\t\t<\/div>\n\t\t\t\t<\/div>","protected":false},"excerpt":{"rendered":"<p>H&amp;R SEND CV Our People make \u0131t happen Human resources of an organization is the most valuable resource, simply because they think, speak, and have a mind of their own. The success of every origination always comes down to efficient and effective manpower. HR policies take effect from the very moment an individual becomes a [&hellip;]<\/p>","protected":false},"author":1,"featured_media":0,"parent":0,"menu_order":0,"comment_status":"closed","ping_status":"closed","template":"elementor_header_footer","meta":{"footnotes":""},"class_list":["post-977","page","type-page","status-publish","hentry"],"_links":{"self":[{"href":"https:\/\/akel.ctemplate.com\/tr\/wp-json\/wp\/v2\/pages\/977","targetHints":{"allow":["GET"]}}],"collection":[{"href":"https:\/\/akel.ctemplate.com\/tr\/wp-json\/wp\/v2\/pages"}],"about":[{"href":"https:\/\/akel.ctemplate.com\/tr\/wp-json\/wp\/v2\/types\/page"}],"author":[{"embeddable":true,"href":"https:\/\/akel.ctemplate.com\/tr\/wp-json\/wp\/v2\/users\/1"}],"replies":[{"embeddable":true,"href":"https:\/\/akel.ctemplate.com\/tr\/wp-json\/wp\/v2\/comments?post=977"}],"version-history":[{"count":34,"href":"https:\/\/akel.ctemplate.com\/tr\/wp-json\/wp\/v2\/pages\/977\/revisions"}],"predecessor-version":[{"id":1674,"href":"https:\/\/akel.ctemplate.com\/tr\/wp-json\/wp\/v2\/pages\/977\/revisions\/1674"}],"wp:attachment":[{"href":"https:\/\/akel.ctemplate.com\/tr\/wp-json\/wp\/v2\/media?parent=977"}],"curies":[{"name":"wp","href":"https:\/\/api.w.org\/{rel}","templated":true}]}}